{"id":45559,"date":"2023-10-31T15:03:08","date_gmt":"2023-10-31T14:03:08","guid":{"rendered":"https:\/\/pfatubeshop.com\/over-ons\/"},"modified":"2024-06-24T21:52:44","modified_gmt":"2024-06-24T19:52:44","slug":"sobre-nosotros","status":"publish","type":"page","link":"https:\/\/pfatubeshop.com\/es\/sobre-nosotros\/","title":{"rendered":"Sobre nosotros"},"content":{"rendered":"\t\t<div data-elementor-type=\"wp-page\" data-elementor-id=\"45559\" class=\"elementor elementor-45559 elementor-35961\" data-elementor-post-type=\"page\">\n\t\t\t\t<div class=\"elementor-element elementor-element-3c847250 e-con-full e-flex e-con e-parent\" data-id=\"3c847250\" data-element_type=\"container\" data-e-type=\"container\">\n\t\t\t\t<div class=\"elementor-element elementor-element-234a7da4 elementor-widget elementor-widget-text-editor\" data-id=\"234a7da4\" data-element_type=\"widget\" data-e-type=\"widget\" data-widget_type=\"text-editor.default\">\n\t\t\t\t<div class=\"elementor-widget-container\">\n\t\t\t\t\t\t\t\t\t<h1 style=\"text-align: center;\">Especialista en Tubos y Mangueras PFA<\/h1>\n<\/p>\n<p>PFA Tube Shop es una extensi\u00f3n s\u00f3lida de <span style=\"text-decoration: underline;\"><a href=\"https:\/\/ptfetubeshop.com\/\" rel=\"noopener\">PT<img fetchpriority=\"high\" decoding=\"async\" class=\" wp-image-28753 alignright\" src=\"https:\/\/pfatubeshop.com\/wp-content\/uploads\/2022\/09\/Jeroen_productspecialist_PTFE-Tube-Shop-6.jpg\" alt=\"\" width=\"517\" height=\"919\" srcset=\"https:\/\/pfatubeshop.com\/wp-content\/uploads\/2022\/09\/Jeroen_productspecialist_PTFE-Tube-Shop-6.jpg 1152w, https:\/\/pfatubeshop.com\/wp-content\/uploads\/2022\/09\/Jeroen_productspecialist_PTFE-Tube-Shop-6-600x1067.jpg 600w, https:\/\/pfatubeshop.com\/wp-content\/uploads\/2022\/09\/Jeroen_productspecialist_PTFE-Tube-Shop-6-169x300.jpg 169w, https:\/\/pfatubeshop.com\/wp-content\/uploads\/2022\/09\/Jeroen_productspecialist_PTFE-Tube-Shop-6-576x1024.jpg 576w\" sizes=\"(max-width: 517px) 100vw, 517px\" \/>FE Tube Shop<\/a><\/span>, y forma una rama especializada dentro de nuestra empresa que se enfoca completamente en el suministro de tubos y mangueras PFA de alta calidad. Como un segmento dedicado de nuestra organizaci\u00f3n, nos hemos propuesto satisfacer las necesidades de nuestros clientes en el \u00e1rea de materiales PFA con la m\u00e1xima precisi\u00f3n y rapidez.<\/p>\n<h3>Manguera PFA entregada desde stock:<\/h3>\n<p>Mantenemos un amplio stock de mangueras PFA est\u00e1ndar y de Alta Pureza Disponible en medidas en pulgadas y m\u00e9tricas:<\/p>\n<\/p>\n<ul>\n<li><span style=\"text-decoration: underline;\"><a href=\"https:\/\/pfatubeshop.com\/type\/standard-pfa\/?_sizing=mm\">Manguera PFA est\u00e1ndar m\u00e9trica<\/a><\/span><\/li>\n<li><span style=\"text-decoration: underline;\"><a href=\"https:\/\/pfatubeshop.com\/type\/standard-pfa\/?_sizing=mm\">Manguera PFA est\u00e1ndar en pulgadas<\/a><\/span><\/li>\n<li><span style=\"text-decoration: underline;\"><a href=\"https:\/\/pfatubeshop.com\/type\/high-purity-pfa\/?_sizing=mm\">Manguera PFA de Alta Pureza m\u00e9trica<\/a><\/span><\/li>\n<li><span style=\"text-decoration: underline;\"><a href=\"https:\/\/pfatubeshop.com\/type\/high-purity-pfa\/?_sizing=inch\">Manguera PFA de Alta Pureza en pulgadas<\/a><\/span><\/li>\n<\/ul>\n<h3> <\/h3>\n<h3>\u00bfPor qu\u00e9 PFA Tube Shop?<\/h3>\n<p>PFA Tube Shop es su socio confiable para mangueras PFA de alta calidad:<\/p>\n<ul>\n<li><em>Mangueras PFA de excelente calidad y de Alta Pureza<\/em><\/li>\n<li><em>Enviado dentro de 1 d\u00eda h\u00e1bil<\/em><\/li>\n<li><em>Entrega desde 1 metro<\/em><\/li>\n<li><em>F\u00e1cil de pedir en l\u00ednea o a cuenta si lo desea<\/em><\/li>\n<li><em>Precios competitivos y amplia variedad<\/em><\/li>\n<\/ul>\n<p>Nos enorgullecemos de ganarnos su confianza al ofrecer productos de la m\u00e1s alta calidad, servicio al cliente inigualable y entregas r\u00e1pidas y eficientes. Por supuesto, nuestros especialistas en productos Paul y Jeroen est\u00e1n siempre listos para asistirlo cuando tenga preguntas o necesite soporte t\u00e9cnico.<\/p>\n<p>Con a\u00f1os de experiencia y profundo conocimiento en el trabajo con fluoropol\u00edmeros, incluido PFA, entendemos las exigencias y desaf\u00edos \u00fanicos de industrias que van desde el procesamiento qu\u00edmico y farmac\u00e9utico hasta la aviaci\u00f3n y la fabricaci\u00f3n de semiconductores. Nuestra dedicaci\u00f3n a la calidad se traduce no solo en nuestra amplia gama de Tubos y Mangueras PFA con diversos di\u00e1metros y espesores de pared, sino tambi\u00e9n en nuestra capacidad para ofrecer soluciones a medida que se ajusten exactamente a las especificaciones y requisitos de nuestros clientes.<\/p>\n<p>En PFA Tube Shop adoptamos un enfoque que va m\u00e1s all\u00e1 de simplemente suministrar productos. Nuestros dedicados especialistas en productos Paul y Jeroen est\u00e1n listos para proporcionarle soporte t\u00e9cnico, asesoramiento y orientaci\u00f3n durante su proyecto.<\/p>\n<h2>Amplio stock de Tubos y Mangueras PFA<\/h2>\n<p>En PFA Tube Shop nos esforzamos continuamente por tener en stock los tubos correctos. Si, a pesar de ello, no est\u00e1 disponible la manguera adecuada, p\u00f3ngase en <span style=\"text-decoration: underline;\"><a href=\"https:\/\/pfatubeshop.com\/contact\/\">contacto<\/a><\/span> con nosotros para que podamos hacer una oferta adecuada.<\/p>\n\t\t\t\t\t\t\t\t<\/div>\n\t\t\t\t<\/div>\n\t\t\t\t<\/div>\n\t\t<div class=\"elementor-element elementor-element-9c27782 e-flex e-con-boxed e-con e-parent\" data-id=\"9c27782\" data-element_type=\"container\" data-e-type=\"container\">\n\t\t\t\t\t<div class=\"e-con-inner\">\n\t\t\t\t\t<\/div>\n\t\t\t\t<\/div>\n\t\t\t\t<\/div>\n\t\t","protected":false},"excerpt":{"rendered":"<p>Especialista en Tubos y Mangueras PFA PFA Tube Shop es una extensi\u00f3n s\u00f3lida de PTFE Tube Shop, y forma una rama especializada dentro de nuestra empresa que se enfoca completamente en el suministro de tubos y mangueras PFA de alta calidad. Como un segmento dedicado de nuestra organizaci\u00f3n, nos hemos propuesto satisfacer las necesidades de [&hellip;]<\/p>\n","protected":false},"author":2,"featured_media":0,"parent":0,"menu_order":0,"comment_status":"closed","ping_status":"closed","template":"","meta":{"footnotes":""},"class_list":["post-45559","page","type-page","status-publish","hentry"],"_links":{"self":[{"href":"https:\/\/pfatubeshop.com\/es\/wp-json\/wp\/v2\/pages\/45559","targetHints":{"allow":["GET"]}}],"collection":[{"href":"https:\/\/pfatubeshop.com\/es\/wp-json\/wp\/v2\/pages"}],"about":[{"href":"https:\/\/pfatubeshop.com\/es\/wp-json\/wp\/v2\/types\/page"}],"author":[{"embeddable":true,"href":"https:\/\/pfatubeshop.com\/es\/wp-json\/wp\/v2\/users\/2"}],"replies":[{"embeddable":true,"href":"https:\/\/pfatubeshop.com\/es\/wp-json\/wp\/v2\/comments?post=45559"}],"version-history":[{"count":0,"href":"https:\/\/pfatubeshop.com\/es\/wp-json\/wp\/v2\/pages\/45559\/revisions"}],"wp:attachment":[{"href":"https:\/\/pfatubeshop.com\/es\/wp-json\/wp\/v2\/media?parent=45559"}],"curies":[{"name":"wp","href":"https:\/\/api.w.org\/{rel}","templated":true}]}}