{"id":8494,"date":"2019-11-20T13:13:33","date_gmt":"2019-11-20T13:13:33","guid":{"rendered":"https:\/\/pfatubeshop.com\/cart-2\/"},"modified":"2024-02-28T11:29:27","modified_gmt":"2024-02-28T10:29:27","slug":"cart-2","status":"publish","type":"page","link":"https:\/\/pfatubeshop.com\/en\/cart-2\/","title":{"rendered":"Cart"},"content":{"rendered":"\t\t<div data-elementor-type=\"wp-page\" data-elementor-id=\"8494\" class=\"elementor elementor-8494 elementor-10\" data-elementor-post-type=\"page\">\n\t\t\t\t<div class=\"elementor-element elementor-element-fb01104 e-flex e-con-boxed e-con e-parent\" data-id=\"fb01104\" data-element_type=\"container\" data-e-type=\"container\">\n\t\t\t\t\t<div class=\"e-con-inner\">\n\t\t\t\t\t<\/div>\n\t\t\t\t<\/div>\n\t\t<div class=\"elementor-element elementor-element-408614b e-flex e-con-boxed e-con e-parent\" data-id=\"408614b\" data-element_type=\"container\" data-e-type=\"container\">\n\t\t\t\t\t<div class=\"e-con-inner\">\n\t\t\t\t<div class=\"elementor-element elementor-element-422e42c elementor-widget elementor-widget-text-editor\" data-id=\"422e42c\" data-element_type=\"widget\" data-e-type=\"widget\" data-widget_type=\"text-editor.default\">\n\t\t\t\t<div class=\"elementor-widget-container\">\n\t\t\t\t\t\t\t\t\t<h2> <\/h2>\n<h2 class=\"elementor-heading-title elementor-size-default\" style=\"text-align: center;\"><strong>Buy PFA hose with these 8 benefits<\/strong><\/h2>\n<\/p>\n<ol>\n<li>Fast and Efficient <strong>Shipping within 1 working day<\/strong><\/li>\n<li>Premium Quality with <strong>Tight Tolerances<\/strong><\/li>\n<li>Lengths <strong>starting from 1 meter<\/strong><\/li>\n<li>Customer-specific Inventory and Just-in-Time Delivery<\/li>\n<li>Invoicing on Account<\/li>\n<li>Global Delivery<\/li>\n<li>Durability and <strong>CO2 reduction<\/strong><\/li>\n<li><strong>Competitive prices<\/strong><\/li>\n<\/ol>\n\t\t\t\t\t\t\t\t<\/div>\n\t\t\t\t<\/div>\n\t\t\t\t\t<\/div>\n\t\t\t\t<\/div>\n\t\t\t\t<\/div>\n\t\t","protected":false},"excerpt":{"rendered":"<p>Artikel verwijderen Miniatuurafbeelding Product Prijs Aantal Subtotaal &times; PFA slang 1 mm x 2 mm &#8211; 1 meter &euro;4.50 PFA slang 1 mm x 2 mm &#8211; 1 meter&nbsp; aantal &euro;4.50 Totals Subtotaal &euro;4.50 Verzending Standaard: &euro;8.70 DHL Express: &euro;41.47 Verzenden naar Regensburgerstr.13, 01187 Dresden, Duitsland. Adres wijzigen Land\/regio: Selecteer een land\/regio\u2026AfghanistanAland eilandenAlbani\u00ebAlgerijeAmerikaans-SamoaAndorraAngolaAnguillaAntarcticaAntigua en BarbudaArgentini\u00ebArmeni\u00ebArubaAustrali\u00ebAzerbeidzjanBahamasBahreinBangladeshBarbadosBelauBelgi\u00ebBelizeBeninBermudaBhutanBoeroendiBoliviaBonaire, [&hellip;]<\/p>\n","protected":false},"author":2,"featured_media":0,"parent":0,"menu_order":0,"comment_status":"closed","ping_status":"closed","template":"","meta":{"footnotes":""},"class_list":["post-8494","page","type-page","status-publish","hentry"],"_links":{"self":[{"href":"https:\/\/pfatubeshop.com\/en\/wp-json\/wp\/v2\/pages\/8494","targetHints":{"allow":["GET"]}}],"collection":[{"href":"https:\/\/pfatubeshop.com\/en\/wp-json\/wp\/v2\/pages"}],"about":[{"href":"https:\/\/pfatubeshop.com\/en\/wp-json\/wp\/v2\/types\/page"}],"author":[{"embeddable":true,"href":"https:\/\/pfatubeshop.com\/en\/wp-json\/wp\/v2\/users\/2"}],"replies":[{"embeddable":true,"href":"https:\/\/pfatubeshop.com\/en\/wp-json\/wp\/v2\/comments?post=8494"}],"version-history":[{"count":0,"href":"https:\/\/pfatubeshop.com\/en\/wp-json\/wp\/v2\/pages\/8494\/revisions"}],"wp:attachment":[{"href":"https:\/\/pfatubeshop.com\/en\/wp-json\/wp\/v2\/media?parent=8494"}],"curies":[{"name":"wp","href":"https:\/\/api.w.org\/{rel}","templated":true}]}}