{"id":45739,"date":"2024-01-17T11:15:40","date_gmt":"2024-01-17T10:15:40","guid":{"rendered":"https:\/\/pfatubeshop.com\/?post_type=product&#038;p=45739"},"modified":"2024-04-24T10:23:58","modified_gmt":"2024-04-24T08:23:58","slug":"pfa-schlauch-451-high-purity-5-32%e2%80%b3-x-1-4%e2%80%b3-396-mm-x-635-mm","status":"publish","type":"product","link":"https:\/\/pfatubeshop.com\/de\/produkt\/pfa-schlauch-451-high-purity-5-32%e2%80%b3-x-1-4%e2%80%b3-396-mm-x-635-mm\/","title":{"rendered":"PFA-Schlauch 451 High Purity 5\/32\u2033 x 1\/4\u2033 &#8211; 3,96 mm x 6,35 mm"},"content":{"rendered":"<h1>HIGH PURITY PFA-Schlauch 5\/32\u2033 x 1\/4\u2033 &#8211; (3,96 mm x 6,35 mm)<\/h1>\n<p>Dieser PFA-Schlauch wird aus <strong>Chemours 451 HP-Granulat<\/strong> hergestellt. Das Schlauch hat einen Au\u00dfendurchmesser von 6,35 mm (OD), einen Innendurchmesser von 3,96 mm (ID) und eine Wandst\u00e4rke von 1,12 mm.<\/p>\n<p>PFA 451HP-Schl\u00e4uche werden h\u00e4ufig als Transportschlauche f\u00fcr die Herstellung hochreiner Chemikalien, als Komponenten f\u00fcr den Transport von Fl\u00fcssigkeiten in der Halbleiterindustrie und f\u00fcr Hochleistungs-Chemikaliendosiersysteme verwendet, bei denen Reinheit die h\u00f6chste Priorit\u00e4t ist.<\/p>\n<p>PFA 451HP-Schl\u00e4uche haben im Vergleich zu Standard-PFA-Schl\u00e4uchen eine noch bessere Oberfl\u00e4chengl\u00e4tte und werden dort eingesetzt, wo h\u00f6chste chemische Best\u00e4ndigkeit und Reinheit erforderlich sind.<br \/>\nProdukte aus PFA 451HP-Granulat\/Harz erf\u00fcllen die Anforderungen f\u00fcr den Kontakt mit Lebensmitteln gem\u00e4\u00df FDA 21 CFR 177.1550 und der europ\u00e4ischen Verordnung (EU) Nr. 10\/2011 \u00fcber Lebensmittelkontaktmaterialien aus Kunststoff. Weitere Informationen sind auf der Website von\u00a0<a href=\"https:\/\/www.teflon.com\/en\/-\/media\/files\/teflon\/teflon-pfa-451hp-product-info.pdf?rev=1a7aa238a39543218468304f57b6c73c&amp;hash=0E3C9255CCAC4D0E33F6B2AD380CE8ED\" rel=\"noopener\">Chemours <\/a>zu finden.<\/p>\n<p><strong>Dieser PFA High Purity-Schlauch weist die folgenden Merkmale auf:<\/strong><\/p>\n<ul>\n<li>Innendurchmesser (ID): 3,96 mm +\/- 0,15 mm<\/li>\n<li>\u00c4u\u00dferer Durchmesser (OD): 6,35 mm +\/- 0,15 mm<\/li>\n<li>Wandst\u00e4rke: 1,12 mm +\/- 0,1 mm<\/li>\n<li>Temperaturbereich: &#8211; 200\u00b0C bis + 260\u00b0C<\/li>\n<li>Biegeradius: 12 &#8211; 16 mm<\/li>\n<li>Farbe: Transparent<\/li>\n<li>Form: Glatt<\/li>\n<li>FDA-Zulassung: Ja<\/li>\n<li>Gewicht pro 100 Meter: 4,29 kg<\/li>\n<li>Berstdruck in Bar (20\u00b0C): 120 Bar<\/li>\n<li>Arbeitsdruck (20\u00b0C): 24 Bar*<\/li>\n<\/ul>\n<p><strong><br \/>\nPFA (Perfluoralkoxy) zeichnet sich durch einzigartige Eigenschaften aus:<\/strong><\/p>\n<ul>\n<li>Transparent<\/li>\n<li>Schmelzf\u00e4hig<\/li>\n<li>Chemisch inert<\/li>\n<li>Gro\u00dfer Temperaturbereich -200C bis +260C<\/li>\n<li>Keine Adh\u00e4sion \/ sehr geringe Reibung<\/li>\n<li>Wasserabweisend<\/li>\n<li>FDA-zugelassen<\/li>\n<li>Gute Isolationswerte<\/li>\n<\/ul>\n<p style=\"text-align: center;\"><strong><br \/>\nDie beschriebenen Produkteigenschaften dienen lediglich als Anhaltspunkt. Die Einsatzbedingungen k\u00f6nnen diese Eigenschaften beeinflussen, daher empfehlen wir immer ausf\u00fchrliche Tests<\/strong><\/p>\n<p>* Das Verh\u00e4ltnis von Berstdruck zu Arbeitsdruck betr\u00e4gt im Allgemeinen 3:1 oder 5:1, abh\u00e4ngig von der Temperatur, dem Medium in Kontakt mit dem PFA-Schlauch, der Risikoanalyse und anderen Faktoren.<\/p>\n<h4>Bestellen Sie 5\/32\u2033 x 1\/4\u2033 &#8211; (3,96 mm x 6,35 mm) PFA High Purity-Schlauch mit 8 Vorteilen \u01c0 PTFEtubeshop.com<\/h4>\n<p>Wir liefern diesen 5\/32\u2033 x 1\/4\u2033 &#8211; (3,96 mm x 6,35 mm) PFA-Schlauch entsprechend unseren 8 Grunds\u00e4tzen f\u00fcr die Lieferung aus:<\/p>\n<p>1) Versand innerhalb von 24 Stunden, wenn auf Lager<br \/>\n2) PFA-Schlauch, erstklassige Qualit\u00e4t mit engen Toleranzen<br \/>\n3) Online-Bestellung ab 1 Meter oder Zuschnitt nach Kundenwunsch<br \/>\n4) Kundenspezifische Lagerbest\u00e4nde und Just-in-time-Lieferung; <a href=\"https:\/\/pfatubeshop.com\/de\/kontakt\/\">Kontaktieren<\/a> Sie uns, um unsere Angebotsoptionen zu besprechen<br \/>\n5) Lieferung auf Rechnung. Setzen Sie sich mit uns in Verbindung oder senden Sie uns eine Bestellung per E-Mail und wir werden pr\u00fcfen, ob wir auf Rechnung liefern k\u00f6nnen.<br \/>\n6) Weltweite Lieferung, geben Sie die Lieferadresse an der Kasse ein und das System berechnet die Versandkosten<br \/>\n7) Beitrag zur CO2-Reduktion wir pflanzen einen Baum f\u00fcr jede 20 Kilo Material, das wir verkaufen<br \/>\n8) Preis, f\u00fcr den Fall, dass unser Preis doch nicht stimmt. Sprechen Sie uns an, und wir werden sehen, ob wir Ihnen entgegenkommen k\u00f6nnen<\/p>\n<p><span style=\"font-size: 16px;\">Entdecken Sie die un\u00fcbertroffene Performance und Haltbarkeit unserer hochwertigen PFA-Hochleistungsschl\u00e4uche. Egal, ob Sie in der chemischen, pharmazeutischen, Luft- und Raumfahrt- oder anderen anspruchsvollen Branchen t\u00e4tig sind &#8211; unsere PFA-Schl\u00e4uche bieten zuverl\u00e4ssige L\u00f6sungen f\u00fcr Ihre kritischen Anwendungen. Unsere Produkte sind chemikalienbest\u00e4ndig, extrem temperaturbest\u00e4ndig und in verschiedenen Gr\u00f6\u00dfen und L\u00e4ngen erh\u00e4ltlich. Sie erf\u00fcllen die h\u00f6chsten Anforderungen an Qualit\u00e4t und Zuverl\u00e4ssigkeit. Wenn Sie weitere Fragen haben oder einen anderen Durchmesser ben\u00f6tigen, <a href=\"https:\/\/pfatubeshop.com\/de\/angebot-anfordern\/\">kontaktieren<\/a> Sie uns noch heute f\u00fcr weitere Informationen.<\/span><\/p>\n<h3>Teflon\u2122 PFA<\/h3>\n<p>Teflon\u2122 ist eine eingetragene Marke von Chemours und steht f\u00fcr ihre Fluorkunststoffgranulate, -beschichtungen und -folien usw. Der Markenname Teflon\u2122 ist von Chemours in Verbindung mit zugelassenen Anwendungen lizenziert. Ohne eine Markenlizenz d\u00fcrfen wir unsere Produkte nicht mit dem Markennamen Teflon kennzeichnen, da wir keine Teflon-Markenlizenz besitzen. Aus diesem Grund verwenden wir f\u00fcr unsere hochreinen Schl\u00e4uche nur den Materialcode Chemours 451HP und nicht Teflon 451HP.<\/p>\n<h3>Preistabelle PFA-Schlauch HP451 5\/32\u2033 x 1\/4\u2033 &#8211; (3,96 mm x 6,35 mm)<\/h3>\n","protected":false},"excerpt":{"rendered":"<p><strong><span style=\"color: #c51230;\">\u221a<i class=\"far fa-check\"><\/i> <\/span>Chemours PFA-Material<\/strong><br \/>\n<i class=\"far fa-check\"><\/i><\/p>\n<p><strong><span style=\"color: #c51230;\">\u221a<\/span> 451 HP-Granulat &#8211; HIGH PURITY<\/strong><br \/>\n<i class=\"far fa-check\"><\/i><\/p>\n<p><strong><span style=\"color: #c51230;\">\u221a\u00a0<\/span>Versand innerhalb von 24 Stunden &#8211; ab 1 Meter L\u00e4nge<\/strong><br \/>\n<i class=\"far fa-check\"><\/i><\/p>\n<p><strong><span style=\"color: #c51230;\">\u221a\u00a0<\/span>Sehr enge Toleranzen<\/strong><\/p>\n<div id=\"ConnectiveDocSignExtentionInstalled\" data-extension-version=\"1.0.4\"><\/div>\n","protected":false},"featured_media":41450,"template":"","meta":[],"product_brand":[],"product_cat":[13055],"product_tag":[],"class_list":{"0":"post-45739","1":"product","2":"type-product","3":"status-publish","4":"has-post-thumbnail","6":"type-high-purity-pfa-de","7":"sizing-zoll","8":"product_cat-products","10":"first","11":"instock","12":"taxable","13":"shipping-taxable","14":"purchasable","15":"product-type-variable"},"_links":{"self":[{"href":"https:\/\/pfatubeshop.com\/de\/wp-json\/wp\/v2\/product\/45739","targetHints":{"allow":["GET"]}}],"collection":[{"href":"https:\/\/pfatubeshop.com\/de\/wp-json\/wp\/v2\/product"}],"about":[{"href":"https:\/\/pfatubeshop.com\/de\/wp-json\/wp\/v2\/types\/product"}],"wp:featuredmedia":[{"embeddable":true,"href":"https:\/\/pfatubeshop.com\/de\/wp-json\/wp\/v2\/media\/41450"}],"wp:attachment":[{"href":"https:\/\/pfatubeshop.com\/de\/wp-json\/wp\/v2\/media?parent=45739"}],"wp:term":[{"taxonomy":"product_brand","embeddable":true,"href":"https:\/\/pfatubeshop.com\/de\/wp-json\/wp\/v2\/product_brand?post=45739"},{"taxonomy":"product_cat","embeddable":true,"href":"https:\/\/pfatubeshop.com\/de\/wp-json\/wp\/v2\/product_cat?post=45739"},{"taxonomy":"product_tag","embeddable":true,"href":"https:\/\/pfatubeshop.com\/de\/wp-json\/wp\/v2\/product_tag?post=45739"}],"curies":[{"name":"wp","href":"https:\/\/api.w.org\/{rel}","templated":true}]}}