{"id":45387,"date":"2024-01-18T15:57:47","date_gmt":"2024-01-18T14:57:47","guid":{"rendered":"https:\/\/pfatubeshop.com\/product\/pfa-slang-451-high-purity-3-mm-x-4-mm\/"},"modified":"2025-09-18T02:46:40","modified_gmt":"2025-09-18T00:46:40","slug":"pfa-schlauch-451-high-purity-3-mm-x-4-mm","status":"publish","type":"product","link":"https:\/\/pfatubeshop.com\/de\/produkt\/pfa-schlauch-451-high-purity-3-mm-x-4-mm\/","title":{"rendered":"PFA-Schlauch 451 High Purity 3 mm x 4 mm"},"content":{"rendered":"<h1>HOCHREINER PFA-Schlauch 3 mm x 4 mm<\/h1>\n<p>Dieser PFA-Schlauch wird aus <strong>Chemours 451 HP Granulat <\/strong>hergestellt <strong>. <\/strong>Der Schlauch hat einen Au\u00dfendurchmesser von 4 mm (OD), einen Innendurchmesser von 3 mm (ID) und eine Wandst\u00e4rke von 0,5 mm.<\/p>\n<p>PFA 451HP-Schl\u00e4uche werden h\u00e4ufig als Rohre f\u00fcr die Herstellung von hochreinen Chemikalien, als Komponenten f\u00fcr den Transport von Fl\u00fcssigkeiten in der Halbleiterindustrie und f\u00fcr Hochleistungs-Chemikaliendosiersysteme verwendet, bei denen Reinheit die h\u00f6chste Anforderung ist.<\/p>\n<p>PFA 451HP-Schl\u00e4uche haben im Vergleich zu Standard-PFA-Schl\u00e4uchen eine noch bessere Oberfl\u00e4chengl\u00e4tte und werden dort eingesetzt, wo ein H\u00f6chstma\u00df an chemischer Best\u00e4ndigkeit und Reinheit erforderlich ist.<\/p>\n<p>Produkte aus PFA 451HP Granulat\/Harz erf\u00fcllen die Anforderungen f\u00fcr den Kontakt mit Lebensmitteln gem\u00e4\u00df FDA 21 CFR 177.1550 und der europ\u00e4ischen Verordnung (EU) Nr. 10\/2011. Vollst\u00e4ndige Informationen finden Sie auf der Website von <a href=\"https:\/\/www.teflon.com\/en\/-\/media\/files\/teflon\/teflon-pfa-451hp-product-info.pdf?rev=1a7aa238a39543218468304f57b6c73c&amp;hash=0E3C9255CCAC4D0E33F6B2AD380CE8ED\" rel=\"noopener\">Chemours.<\/a><\/p>\n<p><strong>Dieser hochreine PFA-Schlauch hat die folgenden Eigenschaften:<\/strong><\/p>\n<ul>\n<li>Innendurchmesser (ID): 3,0 mm +\/- 0,1 mm<\/li>\n<li>Au\u00dfendurchmesser (OD): 4,0 mm +\/- 0,1 mm<\/li>\n<li>Wandst\u00e4rke: 0,5 mm +\/- 0,1 mm<\/li>\n<li>Temperaturbereich: minus 200\u00b0C bis plus 260\u00b0C<\/li>\n<li>Biegeradius: 10 &#8211; 12 mm<\/li>\n<li>Farbe: Transparent<\/li>\n<li>Form: Glatt<\/li>\n<li>FDA-Zulassung: Ja<\/li>\n<li>Gewicht pro 100 Meter: 1,34 kg<\/li>\n<li>Berstdruck in Bar (20\u00b0C): 77 Bar<\/li>\n<li>Arbeitsdruck (20\u00b0C): 15 Bar*.<\/li>\n<\/ul>\n<p>PFA (Perfluoralkoxy) hat einzigartige Eigenschaften:<\/p>\n<ul>\n<li>Transparent<\/li>\n<li>Schmelzbar \/ schwei\u00dfbar<\/li>\n<li>Chemisch inert<\/li>\n<li>Gro\u00dfer Temperaturbereich -200C bis +260C<\/li>\n<li>Keine Adh\u00e4sion \/ sehr geringe Reibung<\/li>\n<li>Wasserabweisend<\/li>\n<li>FDA-zugelassen<\/li>\n<li>Gute Isolationswerte<\/li>\n<\/ul>\n<p style=\"text-align: center;\"><b>Alle Produkteigenschaften dienen als Referenz, die Nutzungsbedingungen k\u00f6nnen sich \u00e4ndern, daher empfehlen wir immer ausf\u00fchrliche Tests.<\/b><\/p>\n<p>* Das Verh\u00e4ltnis von Berstdruck zu Arbeitsdruck betr\u00e4gt im Allgemeinen 3 zu 1 oder 5 zu 1, abh\u00e4ngig von der Temperatur, dem Medium, das mit dem PFA-Schlauch in Ber\u00fchrung kommt, der Risikoanalyse und anderen Faktoren.<\/p>\n<p><span style=\"color: #1a1a1a; font-size: 1.4rem; letter-spacing: -0.02em;\">Bestellen Sie 3 mm x 4 mm PFA High Purity Schlauch mit 8 Vorteilen \u01c0 PTFEtubeshop.com<\/span><\/p>\n<p>Dieser PFA-Schlauch 3 mm x 4 mm wird nach unseren 8 Grundwerten geliefert:<\/p>\n<p>1) Versand innerhalb von 24 Stunden, wenn auf Lager<br \/>\n2) PFA-Schlauch, erstklassige Qualit\u00e4t mit engen Toleranzen<br \/>\n3) Bestellen Sie online ab 1 Meter oder fragen Sie nach ma\u00dfgeschneiderten Schlauchoptionen<br \/>\n4) Kundenspezifische Lagerbest\u00e4nde und Just-in-Time-Lieferung; <a href=\"https:\/\/pfatubeshop.com\/contact\/\">nehmen Sie Kontakt<\/a> auf, um die Optionen zu besprechen<br \/>\n5) Lieferung auf Rechnung. Setzen Sie sich mit uns in Verbindung oder senden Sie uns eine Bestellung und wir werden sehen, ob wir auf Rechnung liefern k\u00f6nnen.<br \/>\n6) Weltweite Lieferung, geben Sie die Lieferadresse an der Kasse ein und das System wird die Versandkosten berechnen<br \/>\n7) CO2-Reduktion, wir pflanzen einen Baum f\u00fcr jede 20 Kilo Material, das wir verkaufen<br \/>\n8) Preis, f\u00fcr den Fall, dass unser Preis doch nicht stimmt. Lassen Sie es uns wissen und wir werden sehen, ob wir Sie unterbringen k\u00f6nnen.<\/p>\n<p>Entdecken Sie die un\u00fcbertroffene Leistung und Haltbarkeit unserer hochwertigen PFA HP-Schl\u00e4uche. Ganz gleich, ob Sie in der Chemie-, Pharma-, Luft- und Raumfahrtindustrie oder in anderen anspruchsvollen Branchen t\u00e4tig sind, unsere PFA-Schl\u00e4uche bieten zuverl\u00e4ssige L\u00f6sungen f\u00fcr Ihre kritischen Anwendungen. Mit einer ausgezeichneten chemischen Best\u00e4ndigkeit, extremer Temperaturtoleranz und einer Reihe von verf\u00fcgbaren Gr\u00f6\u00dfen und L\u00e4ngen erf\u00fcllen unsere Produkte die h\u00f6chsten Standards f\u00fcr Leistung und Zuverl\u00e4ssigkeit. Wenn Sie weitere Fragen haben oder nach einem alternativen Durchmesser suchen, kontaktieren Sie <a style=\"font-size: 16px;\" href=\"https:\/\/pfatubeshop.com\/offerte-aanvragen\/\">uns<\/a> noch heute<span style=\"font-size: 16px;\"> f\u00fcr weitere Informationen.<\/span><\/p>\n<h3>Teflon\u2122 PFA<\/h3>\n<p>Teflon\u2122 ist eine eingetragene Marke von Chemours f\u00fcr seine Fluorkunststoffgranulate, Beschichtungen und Folien usw. Der Markenname Teflon\u2122 wird von Chemours in Verbindung mit zugelassenen Anwendungen lizenziert. Ohne eine Markenlizenz d\u00fcrfen wir unsere Produkte nicht mit dem Markennamen Teflon kennzeichnen, da wir keine Teflon-Markenlizenz besitzen. Daher verwenden wir f\u00fcr unsere hochreinen Schl\u00e4uche nur den Materialcode Chemours 451HP und nicht Teflon 451HP.<\/p>\n<h3>Preistabelle PFA-Schlauch HP451 3 mm x 4 mm<\/h3>\n<div id=\"ConnectiveDocSignExtentionInstalled\" data-extension-version=\"1.0.4\"><\/div>\n","protected":false},"excerpt":{"rendered":"<p><strong><span style=\"color: #c51230;\"><i class=\"far fa-check\"><\/i> \u221a Chemours PFA Material <\/span><span style=\"color: #c51230;\"> <\/span><\/strong><br \/>\n<i class=\"far fa-check\"><\/i><\/p>\n<p><strong><span style=\"color: #c51230;\">\u221a<\/span> 451 HP Granulat &#8211; HOHE REINHEIT<\/strong><br \/>\n<i class=\"far fa-check\"><\/i><\/p>\n<p><strong><span style=\"color: #c51230;\">\u221a <\/span>Versand innerhalb von 24 Stunden aus 1 Meter H\u00f6he<\/strong><br \/>\n<i class=\"far fa-check\"><\/i><\/p>\n<p><strong>\u221a <span style=\"color: #c51230;\">S <\/span>ehr enge <\/strong><b>Toleranzen<\/b><\/p>\n<div id=\"ConnectiveDocSignExtentionInstalled\" data-extension-version=\"1.0.4\"><\/div>\n","protected":false},"featured_media":41450,"template":"","meta":[],"product_brand":[],"product_cat":[13055],"product_tag":[],"class_list":{"0":"post-45387","1":"product","2":"type-product","3":"status-publish","4":"has-post-thumbnail","6":"type-high-purity-pfa-de","7":"sizing-mm-de","8":"product_cat-products","10":"first","11":"instock","12":"taxable","13":"shipping-taxable","14":"purchasable","15":"product-type-variable"},"_links":{"self":[{"href":"https:\/\/pfatubeshop.com\/de\/wp-json\/wp\/v2\/product\/45387","targetHints":{"allow":["GET"]}}],"collection":[{"href":"https:\/\/pfatubeshop.com\/de\/wp-json\/wp\/v2\/product"}],"about":[{"href":"https:\/\/pfatubeshop.com\/de\/wp-json\/wp\/v2\/types\/product"}],"wp:featuredmedia":[{"embeddable":true,"href":"https:\/\/pfatubeshop.com\/de\/wp-json\/wp\/v2\/media\/41450"}],"wp:attachment":[{"href":"https:\/\/pfatubeshop.com\/de\/wp-json\/wp\/v2\/media?parent=45387"}],"wp:term":[{"taxonomy":"product_brand","embeddable":true,"href":"https:\/\/pfatubeshop.com\/de\/wp-json\/wp\/v2\/product_brand?post=45387"},{"taxonomy":"product_cat","embeddable":true,"href":"https:\/\/pfatubeshop.com\/de\/wp-json\/wp\/v2\/product_cat?post=45387"},{"taxonomy":"product_tag","embeddable":true,"href":"https:\/\/pfatubeshop.com\/de\/wp-json\/wp\/v2\/product_tag?post=45387"}],"curies":[{"name":"wp","href":"https:\/\/api.w.org\/{rel}","templated":true}]}}