{"id":39491,"date":"2023-10-05T07:23:25","date_gmt":"2023-10-05T05:23:25","guid":{"rendered":"https:\/\/pfatubeshop.com\/?post_type=product&#038;p=39491"},"modified":"2024-03-19T12:25:05","modified_gmt":"2024-03-19T11:25:05","slug":"pfa-schlauch-12-mm-x-14-mm","status":"publish","type":"product","link":"https:\/\/pfatubeshop.com\/de\/produkt\/pfa-schlauch-12-mm-x-14-mm\/","title":{"rendered":"PFA Schlauch 12 mm x 14 mm"},"content":{"rendered":"<h1>PFA Schlauch 12 mm x 14 mm<\/h1>\n<p>Dieser PFA-Schlauch hat einen Au\u00dfendurchmesser von 14 mm (AD), einen Innendurchmesser von 12 mm (ID) und eine Wandst\u00e4rke von 1,0 mm. Unsere PFA-Schl\u00e4uche werden ausschlie\u00dflich aus 100 %<br \/>\nreinem PFA-Granulat hergestellt. PFA-Schl\u00e4uche (Perfluoralkoxy) werden aufgrund ihrer einzigartigen Eigenschaften in verschiedenen Anwendungen eingesetzt, insbesondere in der Industrie und in der chemischen Industrie:<\/p>\n<ul>\n<li>Transparent<\/li>\n<li>Schmelzbar\/Schwei\u00dfbar<\/li>\n<li>Chemisch inert<\/li>\n<li>Gro\u00dfer Temperaturbereich -200 \u00b0C bis +260 \u00b0C<\/li>\n<li>Nicht klebend\/sehr geringe Reibung<\/li>\n<li>Hydrophob (wasserabweisend)<\/li>\n<li>FDA-Zulassung<\/li>\n<li>Gute Isolationseigenschaften<\/li>\n<\/ul>\n<p>PFA findet breite Anwendung in verschiedenen Sektoren, darunter in der medizinischen Industrie, der Luft- und Raumfahrt, der Petrochemie, der Halbleiterindustrie sowie der Verpackungs- und Lebensmittelindustrie.<\/p>\n<p><strong>Dieser PFA Schlauch 12 mm x 14 mm hat die folgenden Produktmerkmale:<br \/>\n<\/strong><\/p>\n<ul>\n<li>Innendurchmesser (ID): 12,0 mm +\/- 0,25 mm<\/li>\n<li>Au\u00dfendurchmesser (OD): 14,0 mm +\/- 0,25 mm<\/li>\n<li>Wandst\u00e4rke: 1 mm +\/- 0,1 mm<\/li>\n<li>Temperaturbereich: &#8211; 200\u00b0C bis + 260\u00b0C<\/li>\n<li>Biegeradius: 75 &#8211; 85 mm<\/li>\n<li>Farbe: Transparent<\/li>\n<li>Form: <span class=\"zw-portion zw-text-portion\" data-text-len=\"11\">Glatt<\/span><\/li>\n<li>FDA-Zulassung:\u00a0Ja<\/li>\n<li>Gewicht pro 100 Meter: 9,05 kg<\/li>\n<li>Berstdruck in Bar (20\u00b0C): 42 Bar<\/li>\n<li>Arbeitsdruck (20\u00b0C): 8 Bar*<\/li>\n<\/ul>\n<p style=\"text-align: center;\"><strong style=\"text-align: center;\">Alle Produkteigenschaften dienen nur als Referenz, daher k\u00f6nnen sich die Nutzungsbedingungen <\/strong><strong style=\"text-align: center;\">auswirken. Wir empfehlen wir immer umfangreiche Tests<\/strong><\/p>\n<p>* <span class=\"zw-portion zw-text-portion\" data-text-len=\"99\">Das\u00a0Verh\u00e4ltnis\u00a0zwischen\u00a0Berstdruck\u00a0und\u00a0Arbeitsdruck\u00a0betr\u00e4gt\u00a0im\u00a0Allgemeinen\u00a03\u00a0zu\u00a01\u00a0oder\u00a05\u00a0zu\u00a01,\u00a0je<\/span> <span class=\"zw-portion zw-text-portion\" data-text-len=\"91\">nach\u00a0Temperatur,\u00a0dem\u00a0Medium,\u00a0das\u00a0mit\u00a0dem\u00a0PFA-Rohr\u00a0in\u00a0Ber\u00fchrung\u00a0kommt,\u00a0der\u00a0Risikoanalyse\u00a0und<\/span> <span class=\"zw-portion zw-text-portion\" data-text-len=\"17\">anderen\u00a0Faktoren.<\/span><span class=\"EOP-readonly EOP\">\u00a0<\/span><\/p>\n<div class=\"zw-paragraph\" data-width=\"604.992\" data-textformat=\"{&quot;size&quot;:11}\">\n<div class=\"zw-line-div\">\n<div class=\"zw-line-content\"><span class=\"zw-portion zw-text-portion\" data-text-len=\"86\">Wenn\u00a0Sie\u00a0weitere\u00a0Informationen\u00a0\u00fcber\u00a0den\u00a0einzigartigen\u00a0Werkstoff\u00a0PFA\u00a0suchen,\u00a0k\u00f6nnte\u00a0die<\/span> <span class=\"zw-portion zw-text-portion\" data-text-len=\"85\">vollst\u00e4ndige\u00a0Beschreibung\u00a0der\u00a0Eigenschaften\u00a0von\u00a0PFA\u00a0auf\u00a0Wikipedia\u00a0von\u00a0Interesse\u00a0sein:<\/span> <span class=\"zw-portion zeroSize\" data-text-len=\"1\"><img id=\"f0dv1ahfsrdi\" class=\"spacer zw-range-start\" \/><a href=\"https:\/\/en.wikipedia.org\/wiki\/Perfluoroalkoxy_alkane\" rel=\"noopener\">Perfluoroalkoxy alkane &#8211; Wikipedia<\/a><\/span><\/div>\n<\/div>\n<\/div>\n<h3>PFA Schlauch 12 mm x 14 mm mit 8 Vorteilen bestellen | PTFEtubeshop.com<\/h3>\n<p>Dieser PFA Schlauch 12 mm x 14 mm wird im Einklang mit unseren 8 Grundwerten geliefert:<\/p>\n<p>1) Versand innerhalb von 24 Stunden, wenn auf Lager.<br \/>\n2) PFA-Schlauch, erstklassige Qualit\u00e4t mit strikten Toleranzen.<br \/>\n3) Erh\u00e4ltlich f\u00fcr Online-Bestellungen ab 1 Meter, oder erkundigen Sie sich nach den Optionen f\u00fcr die Bestellung von individuell zugeschnittenen Schl\u00e4uchen.<br \/>\n4) Kundenspezifische Lagerbest\u00e4nde und Just-in-Time-Lieferungen; <a href=\"https:\/\/pfatubeshop.com\/de\/kontakt\/\">kontaktieren Sie uns<\/a>, um die M\u00f6glichkeiten zu besprechen.<br \/>\n5) Lieferung auf Rechnung. Bitte kontaktieren Sie uns oder senden Sie uns eine Bestellung, und wir werden die Lieferung auf eine 30-Tage-Rechnung pr\u00fcfen.<br \/>\n6) Weltweiter Versand &#8211; geben Sie an der Kasse die Versandadresse ein, und das System berechnet die Versandkosten.<br \/>\n7) CO2-Reduktion &#8211; wir pflanzen einen Baum f\u00fcr jeweils 20 kg Material, das wir verkaufen.<br \/>\n8) Preis &#8211; wenn unser Preis nicht konkurrenzf\u00e4hig ist, lassen Sie es uns wissen. Wir werden alles M\u00f6gliche tun, um Ihnen ein passendes Angebot zu machen.<\/p>\n<p>&nbsp;<\/p>\n<p>Entdecken Sie die unvergleichliche Leistung und Haltbarkeit unserer hochwertigen PFA-Schl\u00e4uche. Ganz gleich, ob Sie in der chemischen Industrie, im pharmazeutischen Sektor, in der Luft- und Raumfahrt oder in anderen anspruchsvollen Bereichen t\u00e4tig sind, unsere PFA-Schl\u00e4uche bieten zuverl\u00e4ssige L\u00f6sungen f\u00fcr Ihre kritischen Anwendungen. Mit ausgezeichneter chemischer Best\u00e4ndigkeit, extremer Temperaturtoleranz und einer Reihe von verf\u00fcgbaren Gr\u00f6\u00dfen und L\u00e4ngen erf\u00fcllen unsere Produkte die h\u00f6chsten Standards f\u00fcr Leistung und Zuverl\u00e4ssigkeit. Wenn Sie weitere Fragen haben oder einen alternativen Durchmesser suchen, <a href=\"https:\/\/pfatubeshop.com\/de\/kontakt\/\">kontaktieren Sie uns<\/a> noch heute f\u00fcr weitere Informationen.<\/p>\n<h3>Preistabelle f\u00fcr PFA Schlauch 12 mm x 14 mm<\/h3>\n","protected":false},"excerpt":{"rendered":"<p><strong><span style=\"color: #c51230;\">\u221a <i class=\"far fa-check\"><\/i> <\/span>Hergestellt aus 100 % reinem PFA<\/strong><br \/>\n<i class=\"far fa-check\"><\/i><\/p>\n<p><strong><span style=\"color: #c51230;\">\u221a <\/span>Verf\u00fcgbar ab 1 Meter<\/strong><br \/>\n<i class=\"far fa-check\"><\/i><\/p>\n<p><strong><span style=\"color: #c51230;\">\u221a\u00a0<\/span>Enge Toleranz beim Durchmesser<\/strong><br \/>\n<i class=\"far fa-check\"><\/i><\/p>\n<p><strong><span style=\"color: #c51230;\">\u221a\u00a0<\/span>Versand innerhalb von 24 Stunden<\/strong><\/p>\n<div id=\"ConnectiveDocSignExtentionInstalled\" data-extension-version=\"1.0.4\"><\/div>\n","protected":false},"featured_media":41450,"template":"","meta":[],"product_brand":[],"product_cat":[13055],"product_tag":[],"class_list":{"0":"post-39491","1":"product","2":"type-product","3":"status-publish","4":"has-post-thumbnail","6":"type-standard-pfa-de","7":"sizing-mm-de","8":"product_cat-products","10":"first","11":"instock","12":"taxable","13":"shipping-taxable","14":"purchasable","15":"product-type-variable"},"_links":{"self":[{"href":"https:\/\/pfatubeshop.com\/de\/wp-json\/wp\/v2\/product\/39491","targetHints":{"allow":["GET"]}}],"collection":[{"href":"https:\/\/pfatubeshop.com\/de\/wp-json\/wp\/v2\/product"}],"about":[{"href":"https:\/\/pfatubeshop.com\/de\/wp-json\/wp\/v2\/types\/product"}],"wp:featuredmedia":[{"embeddable":true,"href":"https:\/\/pfatubeshop.com\/de\/wp-json\/wp\/v2\/media\/41450"}],"wp:attachment":[{"href":"https:\/\/pfatubeshop.com\/de\/wp-json\/wp\/v2\/media?parent=39491"}],"wp:term":[{"taxonomy":"product_brand","embeddable":true,"href":"https:\/\/pfatubeshop.com\/de\/wp-json\/wp\/v2\/product_brand?post=39491"},{"taxonomy":"product_cat","embeddable":true,"href":"https:\/\/pfatubeshop.com\/de\/wp-json\/wp\/v2\/product_cat?post=39491"},{"taxonomy":"product_tag","embeddable":true,"href":"https:\/\/pfatubeshop.com\/de\/wp-json\/wp\/v2\/product_tag?post=39491"}],"curies":[{"name":"wp","href":"https:\/\/api.w.org\/{rel}","templated":true}]}}