{"id":47801,"date":"2024-06-07T12:34:16","date_gmt":"2024-06-07T10:34:16","guid":{"rendered":"https:\/\/pfatubeshop.com\/datenschutzbestimmungen\/"},"modified":"2024-06-07T12:34:19","modified_gmt":"2024-06-07T10:34:19","slug":"datenschutzbestimmungen","status":"publish","type":"page","link":"https:\/\/pfatubeshop.com\/de\/datenschutzbestimmungen\/","title":{"rendered":"Datenschutzbestimmungen"},"content":{"rendered":"\n<h1>Willkommen bei unserer Datenschutzerkl\u00e4rung<\/h1>\n<h3>Ihre Privatsph\u00e4re ist f\u00fcr uns wichtig<\/h3>\n<p>Der PFA Tube Shop befindet sich in:<\/p>\n<address>PFA Tube Shop<br\/>Baarschot 20B Breda<br\/>4817 ZZ &#8211; Nordbrabant, die Niederlande<br\/>+31 76 201 1487<\/address>\n<p>PFA Tube Shop respektiert Ihre Privatsph\u00e4re in Bezug auf alle Informationen, die wir bei der Nutzung unserer Website sammeln. Diese Datenschutzerkl\u00e4rung gilt f\u00fcr <a href=\"https:\/\/pfatubeshop.com\/de\/\">pfatubeshop.com<\/a> (im Folgenden &#8222;wir&#8220;, &#8222;wir&#8220; oder &#8222;pfatubeshop.com&#8220;). Wir respektieren Ihre Privatsph\u00e4re und verpflichten uns, alle pers\u00f6nlich identifizierbaren Informationen, die Sie uns \u00fcber die Website zur Verf\u00fcgung stellen, zu sch\u00fctzen. Wir haben diese Datenschutzerkl\u00e4rung (&#8222;Datenschutzerkl\u00e4rung&#8220;) angenommen, um zu erl\u00e4utern, welche Informationen auf unserer Website gesammelt werden k\u00f6nnen, wie wir diese Informationen verwenden und unter welchen Umst\u00e4nden wir die Informationen an Dritte weitergeben k\u00f6nnen. Diese Datenschutzerkl\u00e4rung gilt nur f\u00fcr Informationen, die wir \u00fcber die Website sammeln, und gilt nicht f\u00fcr unsere Sammlung von Informationen aus anderen Quellen.<\/p>\n<p>Diese Datenschutzerkl\u00e4rung legt zusammen mit den auf unserer Website ver\u00f6ffentlichten Allgemeinen Gesch\u00e4ftsbedingungen die allgemeinen Regeln und Richtlinien f\u00fcr Ihre Nutzung unserer Website fest. Je nachdem, was Sie beim Besuch unserer Website tun, m\u00fcssen Sie m\u00f6glicherweise zus\u00e4tzlichen Nutzungsbedingungen zustimmen.<\/p>\n<h2>Besucher der Website<\/h2>\n<p>Wie die meisten Website-Betreiber sammelt auch PFA Tube Shop nicht-personenbezogene Daten, wie sie von Webbrowsern und Servern \u00fcblicherweise zur Verf\u00fcgung gestellt werden, wie z.B. den Browsertyp, die bevorzugte Sprache, die verweisende Website sowie Datum und Uhrzeit jeder Besucheranfrage. PFA Tube Shop sammelt nicht pers\u00f6nlich identifizierbare Daten, um besser zu verstehen, wie die Besucher von PFA Tube Shop die Website nutzen. Von Zeit zu Zeit kann PFA Tube Shop nicht pers\u00f6nlich identifizierbare Informationen in zusammengefasster Form ver\u00f6ffentlichen, z.B. durch die Ver\u00f6ffentlichung eines Berichts \u00fcber Trends in der Nutzung der Website.<\/p>\n<p>PFA Tube Shop sammelt auch potenziell pers\u00f6nlich identifizierende Informationen wie IP-Adressen f\u00fcr angemeldete Benutzer und f\u00fcr Benutzer, die Kommentare zu Blogbeitr\u00e4gen auf https:\/\/pfatubeshop.com\/ hinterlassen. PFA Tube Shop gibt die IP-Adressen von eingeloggten Benutzern und Kommentatoren nur unter denselben Umst\u00e4nden weiter, unter denen es pers\u00f6nlich identifizierende Informationen wie unten beschrieben verwendet und offenlegt.<\/p>\n<h2>Sammlung von pers\u00f6nlich identifizierbaren Informationen<\/h2>\n<p>Einige Besucher der Websites von PFA Tube Shop m\u00f6chten mit PFA Tube Shop auf eine Weise interagieren, die es erforderlich macht, dass PFA Tube Shop pers\u00f6nlich identifizierende Informationen sammelt. Die Menge und Art der von PFA Tube Shop gesammelten Informationen h\u00e4ngt von der Art der Interaktion ab. So bitten wir beispielsweise Besucher, die einen Blog auf https:\/\/pfatubeshop.com\/ abonnieren, einen Benutzernamen und eine E-Mail-Adresse anzugeben.<\/p>\n<h2>Sicherheit<\/h2>\n<p>Die Sicherheit Ihrer pers\u00f6nlichen Daten ist uns wichtig, aber bitte denken Sie daran, dass keine Methode der \u00dcbertragung \u00fcber das Internet oder der elektronischen Speicherung zu 100% sicher ist. Obwohl wir uns bem\u00fchen, kommerziell akzeptable Mittel zum Schutz Ihrer pers\u00f6nlichen Daten einzusetzen, k\u00f6nnen wir deren absolute Sicherheit nicht garantieren.<\/p>\n<h2>Inserate<\/h2>\n<p>Die auf unserer Website erscheinende Werbung wird m\u00f6glicherweise von Werbepartnern geliefert, die Cookies setzen k\u00f6nnen. Diese Cookies erm\u00f6glichen es dem Anzeigenserver, Ihren Computer jedes Mal zu erkennen, wenn er Ihnen eine Online-Anzeige schickt, und Informationen \u00fcber Sie oder andere Nutzer Ihres Computers zu sammeln. Diese Informationen erm\u00f6glichen es den Werbenetzwerken unter anderem, gezielte Werbung zu schalten, von der sie glauben, dass sie f\u00fcr Sie von gr\u00f6\u00dftem Interesse sein wird. Diese Datenschutzerkl\u00e4rung bezieht sich auf die Verwendung von Cookies durch PFA Tube Shop und nicht auf die Verwendung von Cookies durch Werbetreibende.<\/p>\n<h2>Links zu externen Websites<\/h2>\n<p>Unser Service kann Links zu externen Websites enthalten, die nicht von uns betrieben werden. Wenn Sie auf einen Link eines Drittanbieters klicken, werden Sie auf die Website dieses Drittanbieters weitergeleitet. Wir empfehlen Ihnen dringend, die Datenschutzerkl\u00e4rung und die Allgemeinen Gesch\u00e4ftsbedingungen jeder Website, die Sie besuchen, zu lesen.<\/p>\n<p>Wir haben keine Kontrolle \u00fcber und \u00fcbernehmen keine Verantwortung f\u00fcr den Inhalt, die Datenschutzrichtlinien oder die Praktiken externer Websites, Produkte oder Dienstleistungen.<\/p>\n<h2>PFA Tube Shop verwendet Google AdWords f\u00fcr Remarketing<\/h2>\n<p>PFA Tube Shop nutzt Remarketing-Dienste, um auf Websites Dritter (einschlie\u00dflich Google) Werbung f\u00fcr Besucher zu schalten, die zuvor unsere Website besucht haben. Dies k\u00f6nnte bedeuten, dass wir Werbung f\u00fcr Besucher machen, die eine Aufgabe auf unserer Website nicht abgeschlossen haben, z. B. das Kontaktformular f\u00fcr eine Frage verwenden. Dies kann in Form einer Anzeige auf der Suchergebnisseite von Google oder auf einer Website im Google Display-Netzwerk geschehen. Dritte, einschlie\u00dflich Google, verwenden Cookies, um Anzeigen auf der Grundlage fr\u00fcherer Besuche zu schalten. Selbstverst\u00e4ndlich werden alle gesammelten Daten in \u00dcbereinstimmung mit unseren eigenen Datenschutzbestimmungen und den Datenschutzbestimmungen von Google verwendet.<\/p>\n<p>Sie k\u00f6nnen einstellen, wie Google Sie \u00fcber die Google Ads anspricht.\n\nWenn Sie es w\u00fcnschen, k\u00f6nnen Sie die interessenbezogene Werbung \u00fcber die Cookie-Einstellungen oder mithilfe eines Browser-Plugins vollst\u00e4ndig deaktivieren.<\/p>\n<h2>Aggregierte Statistiken<\/h2>\n<p>PFA Tube Shop kann Statistiken \u00fcber das Besucherverhalten auf seiner Website sammeln. PFA Tube Shop kann diese Informationen \u00f6ffentlich anzeigen oder an andere weitergeben. PFA Tube Shop gibt jedoch keine pers\u00f6nlich identifizierbaren Informationen \u00fcber Sie weiter.<\/p>\n<h2>Cookies<\/h2>\n<p>Um Ihr Online-Erlebnis zu bereichern und zu verbessern, verwendet PFA Tube Shop &#8222;Cookies&#8220;, \u00e4hnliche Technologien und Dienste, die von anderen bereitgestellt werden, um personalisierte Inhalte anzuzeigen, passende Werbung zu schalten und Ihre Pr\u00e4ferenzen auf Ihrem Computer zu speichern.<\/p>\n<p>Ein Cookie ist eine Zeichenfolge von Informationen, die eine Website auf dem Computer eines Besuchers speichert und die der Browser des Besuchers bei jedem Besuch der Website an die Website \u00fcbermittelt. PFA Tube Shop verwendet Cookies, um Besucher zu identifizieren und zu verfolgen, ihre Nutzung von https:\/\/pfatubeshop.com\/ und ihre Pr\u00e4ferenzen beim Zugriff auf die Website. Besucher von PFA Tube Shop, die nicht m\u00f6chten, dass Cookies auf ihrem Computer gespeichert werden, sollten ihren Browser so einstellen, dass er Cookies ablehnt, bevor sie die PFA Tube Shop-Websites nutzen. Dies hat den Nachteil, dass bestimmte Funktionen der PFA Tube Shop-Websites ohne die Hilfe von Cookies m\u00f6glicherweise nicht richtig funktionieren.<\/p>\n<p>Wenn Sie unsere Website weiterhin nutzen, ohne Ihre Cookie-Einstellungen zu \u00e4ndern, erkl\u00e4ren Sie sich mit der Verwendung von Cookies durch PFA Tube Shop einverstanden.<\/p>\n<h2>E-Commerce<\/h2>\n<p>Diejenigen, die Transaktionen mit PFA Tube Shop durchf\u00fchren &#8211; durch den Kauf von Dienstleistungen oder Produkten von PFA Tube Shop &#8211; werden gebeten, zus\u00e4tzliche Informationen zur Verf\u00fcgung zu stellen, einschlie\u00dflich der pers\u00f6nlichen und finanziellen Informationen, die f\u00fcr die Abwicklung dieser Transaktionen erforderlich sind. In jedem Fall sammelt PFA Tube Shop solche Informationen nur insoweit, wie es notwendig oder angemessen ist, um den Zweck der Interaktion des Besuchers mit PFA Tube Shop zu erf\u00fcllen. PFA Tube Shop gibt personenbezogene Daten nur wie unten beschrieben weiter. Und Besucher k\u00f6nnen sich jederzeit weigern, pers\u00f6nlich identifizierbare Daten anzugeben, wobei sie beachten m\u00fcssen, dass sie dadurch m\u00f6glicherweise nicht an bestimmten Aktivit\u00e4ten auf der Website teilnehmen k\u00f6nnen.<\/p>\n<h2>\u00c4nderungen der Datenschutzbestimmungen<\/h2>\n<p>Obwohl die meisten \u00c4nderungen wahrscheinlich geringf\u00fcgig sein werden, kann PFA Tube Shop seine Datenschutzerkl\u00e4rung von Zeit zu Zeit und nach eigenem Ermessen \u00e4ndern. PFA Tube Shop fordert seine Besucher auf, diese Seite regelm\u00e4\u00dfig auf \u00c4nderungen der Datenschutzrichtlinien zu \u00fcberpr\u00fcfen. Die fortgesetzte Nutzung dieser Website nach einer \u00c4nderung dieser Datenschutzrichtlinie bedeutet, dass Sie diese \u00c4nderung akzeptieren.<\/p>\n<h2>Kredit- und Kontaktinformationen<\/h2>\nWenn Sie Fragen zu unserer Datenschutzrichtlinie haben, kontaktieren Sie uns bitte <a href=\"mailto:info@pfatubeshop.com\">per E-Mail<\/a> oder <a href=\"tel:+312076202%2076%\">Telefon<\/a>.\n","protected":false},"excerpt":{"rendered":"<p>Willkommen bei unserer Datenschutzerkl\u00e4rung Ihre Privatsph\u00e4re ist f\u00fcr uns wichtig Der PFA Tube Shop befindet sich in: PFA Tube ShopBaarschot 20B Breda4817 ZZ &#8211; Nordbrabant, die Niederlande+31 76 201 1487 PFA Tube Shop respektiert Ihre Privatsph\u00e4re in Bezug auf alle Informationen, die wir bei der Nutzung unserer Website sammeln. Diese Datenschutzerkl\u00e4rung gilt f\u00fcr pfatubeshop.com (im [&hellip;]<\/p>\n","protected":false},"author":2,"featured_media":0,"parent":0,"menu_order":0,"comment_status":"closed","ping_status":"open","template":"","meta":{"footnotes":""},"class_list":["post-47801","page","type-page","status-publish","hentry"],"_links":{"self":[{"href":"https:\/\/pfatubeshop.com\/de\/wp-json\/wp\/v2\/pages\/47801","targetHints":{"allow":["GET"]}}],"collection":[{"href":"https:\/\/pfatubeshop.com\/de\/wp-json\/wp\/v2\/pages"}],"about":[{"href":"https:\/\/pfatubeshop.com\/de\/wp-json\/wp\/v2\/types\/page"}],"author":[{"embeddable":true,"href":"https:\/\/pfatubeshop.com\/de\/wp-json\/wp\/v2\/users\/2"}],"replies":[{"embeddable":true,"href":"https:\/\/pfatubeshop.com\/de\/wp-json\/wp\/v2\/comments?post=47801"}],"version-history":[{"count":0,"href":"https:\/\/pfatubeshop.com\/de\/wp-json\/wp\/v2\/pages\/47801\/revisions"}],"wp:attachment":[{"href":"https:\/\/pfatubeshop.com\/de\/wp-json\/wp\/v2\/media?parent=47801"}],"curies":[{"name":"wp","href":"https:\/\/api.w.org\/{rel}","templated":true}]}}