{"id":47771,"date":"2024-06-07T12:33:09","date_gmt":"2024-06-07T10:33:09","guid":{"rendered":"https:\/\/pfatubeshop.com\/rueckkehr\/"},"modified":"2024-06-07T12:33:09","modified_gmt":"2024-06-07T10:33:09","slug":"rueckkehr","status":"publish","type":"page","link":"https:\/\/pfatubeshop.com\/de\/rueckkehr\/","title":{"rendered":"R\u00fcckkehr"},"content":{"rendered":"\n<p><strong>Kann ich meine Artikel zur\u00fcckgeben?<\/strong><\/p>\n\n<p>Wir verwenden 2 Kategorien: zugeschnittene St\u00fccke und ganze Rollen.<\/p>\n\n<p>Entnommen aus <strong>\n  <em>Zugeschnittene St\u00fccke<\/em>\n<\/strong> k\u00f6nnen im Prinzip nicht zur\u00fcckgegeben werden. Diese werden f\u00fcr Sie ma\u00dfgeschneidert. Die Ausnahme ist, wenn die falsche L\u00e4ngengr\u00f6\u00dfe oder der falsche Durchmesser geliefert wird.<\/p>\n\n<p>F\u00fcr <strong>\n  <em>volle Rollen<\/em>\n<\/strong> k\u00f6nnen diese zur\u00fcckgegeben werden. Hierf\u00fcr gilt eine gesetzliche Frist von 14 Tagen nach Erhalt. Volle Rollen sind 50 Meter lang oder ein Vielfaches davon.<\/p>\n\n<p><strong>Ist die R\u00fccksendung kostenlos?<\/strong><\/p>\n\n<p>Nein, die Kosten f\u00fcr die R\u00fccksendung gehen zu Lasten des K\u00e4ufers.<\/p>\n\n<p><strong>Wann werde ich das Geld zur\u00fcckerhalten?<\/strong><\/p>\n\n<p>Sobald wir die R\u00fccksendung erhalten und akzeptiert haben, erstatten wir Ihnen den R\u00fccksendebetrag innerhalb von 5 Werktagen.<\/p>\n\n<p><strong>Kann ich eine Bestellung stornieren?<\/strong><\/p>\n\n<p>Ja, solange der Artikel noch nicht versandt oder zugeschnitten wurde, k\u00f6nnen Sie stornieren. Aber wir arbeiten blitzschnell, daher ist es in diesem Fall am bequemsten, uns telefonisch zu kontaktieren.<\/p>\n","protected":false},"excerpt":{"rendered":"<p>Kann ich meine Artikel zur\u00fcckgeben? Wir verwenden 2 Kategorien: zugeschnittene St\u00fccke und ganze Rollen. Entnommen aus Zugeschnittene St\u00fccke k\u00f6nnen im Prinzip nicht zur\u00fcckgegeben werden. Diese werden f\u00fcr Sie ma\u00dfgeschneidert. Die Ausnahme ist, wenn die falsche L\u00e4ngengr\u00f6\u00dfe oder der falsche Durchmesser geliefert wird. F\u00fcr volle Rollen k\u00f6nnen diese zur\u00fcckgegeben werden. Hierf\u00fcr gilt eine gesetzliche Frist von [&hellip;]<\/p>\n","protected":false},"author":2,"featured_media":0,"parent":0,"menu_order":0,"comment_status":"closed","ping_status":"closed","template":"","meta":{"footnotes":""},"class_list":["post-47771","page","type-page","status-publish","hentry"],"_links":{"self":[{"href":"https:\/\/pfatubeshop.com\/de\/wp-json\/wp\/v2\/pages\/47771","targetHints":{"allow":["GET"]}}],"collection":[{"href":"https:\/\/pfatubeshop.com\/de\/wp-json\/wp\/v2\/pages"}],"about":[{"href":"https:\/\/pfatubeshop.com\/de\/wp-json\/wp\/v2\/types\/page"}],"author":[{"embeddable":true,"href":"https:\/\/pfatubeshop.com\/de\/wp-json\/wp\/v2\/users\/2"}],"replies":[{"embeddable":true,"href":"https:\/\/pfatubeshop.com\/de\/wp-json\/wp\/v2\/comments?post=47771"}],"version-history":[{"count":0,"href":"https:\/\/pfatubeshop.com\/de\/wp-json\/wp\/v2\/pages\/47771\/revisions"}],"wp:attachment":[{"href":"https:\/\/pfatubeshop.com\/de\/wp-json\/wp\/v2\/media?parent=47771"}],"curies":[{"name":"wp","href":"https:\/\/api.w.org\/{rel}","templated":true}]}}