{"id":47753,"date":"2024-06-07T12:32:37","date_gmt":"2024-06-07T10:32:37","guid":{"rendered":"https:\/\/pfatubeshop.com\/angebot-anfordern-danke\/"},"modified":"2024-06-07T12:32:37","modified_gmt":"2024-06-07T10:32:37","slug":"angebot-anfordern-danke","status":"publish","type":"page","link":"https:\/\/pfatubeshop.com\/de\/angebot-anfordern-danke\/","title":{"rendered":"Angebot anfordern Danke"},"content":{"rendered":"<p>Vielen Dank f\u00fcr Ihre Anfrage. Wir werden Sie so bald wie m\u00f6glich kontaktieren, um die M\u00f6glichkeiten zu besprechen.<\/p>\n","protected":false},"excerpt":{"rendered":"<p>Vielen Dank f\u00fcr Ihre Anfrage. Wir werden Sie so bald wie m\u00f6glich kontaktieren, um die M\u00f6glichkeiten zu besprechen.<\/p>\n","protected":false},"author":2,"featured_media":0,"parent":0,"menu_order":0,"comment_status":"closed","ping_status":"closed","template":"","meta":{"footnotes":""},"class_list":["post-47753","page","type-page","status-publish","hentry"],"_links":{"self":[{"href":"https:\/\/pfatubeshop.com\/de\/wp-json\/wp\/v2\/pages\/47753","targetHints":{"allow":["GET"]}}],"collection":[{"href":"https:\/\/pfatubeshop.com\/de\/wp-json\/wp\/v2\/pages"}],"about":[{"href":"https:\/\/pfatubeshop.com\/de\/wp-json\/wp\/v2\/types\/page"}],"author":[{"embeddable":true,"href":"https:\/\/pfatubeshop.com\/de\/wp-json\/wp\/v2\/users\/2"}],"replies":[{"embeddable":true,"href":"https:\/\/pfatubeshop.com\/de\/wp-json\/wp\/v2\/comments?post=47753"}],"version-history":[{"count":0,"href":"https:\/\/pfatubeshop.com\/de\/wp-json\/wp\/v2\/pages\/47753\/revisions"}],"wp:attachment":[{"href":"https:\/\/pfatubeshop.com\/de\/wp-json\/wp\/v2\/media?parent=47753"}],"curies":[{"name":"wp","href":"https:\/\/api.w.org\/{rel}","templated":true}]}}