{"id":47608,"date":"2024-06-07T12:23:52","date_gmt":"2024-06-07T10:23:52","guid":{"rendered":"https:\/\/pfatubeshop.com\/zahlungsmoeglichkeiten\/"},"modified":"2026-03-25T12:39:54","modified_gmt":"2026-03-25T11:39:54","slug":"zahlungsmoeglichkeiten","status":"publish","type":"page","link":"https:\/\/pfatubeshop.com\/de\/zahlungsmoeglichkeiten\/","title":{"rendered":"Zahlungsm\u00f6glichkeiten"},"content":{"rendered":"\n<p>Wir verwenden die folgenden Optionen, um sicher online zu bezahlen:<\/p>\n\n<ul class=\"wp-block-list\">\n<li>iDEAL | Wero<\/li>\n\n\n\n<li>Kreditkarte<\/li>\n\n\n\n<li>Sepa-\u00dcbertragung<\/li>\n\n\n\n<li>Belfius Direkt<\/li>\n\n\n\n<li>PayPal<\/li>\n<\/ul>\n\n<p>Alle diese Zahlungen laufen \u00fcber unseren Zahlungspartner Mollie, der eine sichere und einfache Zahlungsl\u00f6sung garantiert.<\/p>\n\n<p><strong>Zahlung auf Rechnung:<\/strong><\/p>\n\n<p>Vielleicht ist Ihr Unternehmen f\u00fcr eine Lieferung auf Rechnung geeignet. Wenn Sie auf Rechnung zahlen m\u00f6chten, k\u00f6nnen wir Ihnen m\u00f6glicherweise ein Konto mit einem 30-Tage-Kredit einrichten. Anhand des Ergebnisses einer Bonit\u00e4tspr\u00fcfung wird entschieden, ob dies auch f\u00fcr Ihre Organisation m\u00f6glich ist.<\/p>\n\n<p>Bitte senden Sie das ausgef\u00fcllte und unterschriebene Formular f\u00fcr die <a href=\"https:\/\/pfatubeshop.com\/wp-content\/uploads\/2019\/11\/PTFE-op-rekening.docx\">Zahlung auf Rechnung<\/a> an <a href=\"mailto:info@pfatubeshop.com\">info@pfatubeshop.com<\/a><\/p>\n\n<p>Wenn Sie es sehr eilig haben, empfehlen wir Ihnen, Ihre erste Bestellung online zu bezahlen, da die Genehmigung 1 bis 2 Tage dauert.<\/p>\n\n<p><strong>Rechnung<\/strong><\/p>\n\n<p>Jede Lieferung wird mit einer korrekten Rechnung geliefert. Dar\u00fcber hinaus wird die Rechnung auch per E-Mail versandt. Wenn es nicht ganz klar ist, k\u00f6nnen Sie uns nat\u00fcrlich jederzeit kontaktieren<\/p>\n\n<p><strong>Mehrwertsteuerbefreiung<\/strong><\/p>\n\n<p>Gesch\u00e4ftslieferungen ins Ausland k\u00f6nnen oft von der Mehrwertsteuer befreit werden. Auch dies ist in unserem Online-Bestellsystem vorgesehen.<\/p>\n\n<p>Wenn Sie beim Auschecken eine korrekte Umsatzsteuernummer angeben, ermittelt das System automatisch, ob die Umsatzsteuer berechnet werden muss.<\/p>\n","protected":false},"excerpt":{"rendered":"<p>Wir verwenden die folgenden Optionen, um sicher online zu bezahlen: Alle diese Zahlungen laufen \u00fcber unseren Zahlungspartner Mollie, der eine sichere und einfache Zahlungsl\u00f6sung garantiert. Zahlung auf Rechnung: Vielleicht ist Ihr Unternehmen f\u00fcr eine Lieferung auf Rechnung geeignet. Wenn Sie auf Rechnung zahlen m\u00f6chten, k\u00f6nnen wir Ihnen m\u00f6glicherweise ein Konto mit einem 30-Tage-Kredit einrichten. Anhand [&hellip;]<\/p>\n","protected":false},"author":2,"featured_media":0,"parent":0,"menu_order":0,"comment_status":"closed","ping_status":"closed","template":"","meta":{"footnotes":""},"class_list":["post-47608","page","type-page","status-publish","hentry"],"_links":{"self":[{"href":"https:\/\/pfatubeshop.com\/de\/wp-json\/wp\/v2\/pages\/47608","targetHints":{"allow":["GET"]}}],"collection":[{"href":"https:\/\/pfatubeshop.com\/de\/wp-json\/wp\/v2\/pages"}],"about":[{"href":"https:\/\/pfatubeshop.com\/de\/wp-json\/wp\/v2\/types\/page"}],"author":[{"embeddable":true,"href":"https:\/\/pfatubeshop.com\/de\/wp-json\/wp\/v2\/users\/2"}],"replies":[{"embeddable":true,"href":"https:\/\/pfatubeshop.com\/de\/wp-json\/wp\/v2\/comments?post=47608"}],"version-history":[{"count":2,"href":"https:\/\/pfatubeshop.com\/de\/wp-json\/wp\/v2\/pages\/47608\/revisions"}],"predecessor-version":[{"id":49544,"href":"https:\/\/pfatubeshop.com\/de\/wp-json\/wp\/v2\/pages\/47608\/revisions\/49544"}],"wp:attachment":[{"href":"https:\/\/pfatubeshop.com\/de\/wp-json\/wp\/v2\/media?parent=47608"}],"curies":[{"name":"wp","href":"https:\/\/api.w.org\/{rel}","templated":true}]}}