{"id":47575,"date":"2024-06-07T12:22:55","date_gmt":"2024-06-07T10:22:55","guid":{"rendered":"https:\/\/pfatubeshop.com\/bestellung-und-lieferung-f-a-q\/"},"modified":"2024-06-07T12:22:56","modified_gmt":"2024-06-07T10:22:56","slug":"bestellung-und-lieferung-f-a-q","status":"publish","type":"page","link":"https:\/\/pfatubeshop.com\/de\/bestellung-und-lieferung-f-a-q\/","title":{"rendered":"Bestellung und Lieferung &#8211; F.A.Q."},"content":{"rendered":"\n<p><strong>Wann werde ich meine Bestellung erhalten?<\/strong><\/p>\n\n<p>Wir bem\u00fchen uns, Ihre Bestellung innerhalb von 24 Stunden nach Zahlungseingang bei PostNL oder GLS aufzugeben, sofern auf Lager. Je nach Lieferland kommt eine Anzahl von Liefertagen hinzu. Sobald wir das Paket verschickt haben, erhalten Sie einen Tracking-Code, mit dem Sie das Paket verfolgen k\u00f6nnen.<\/p>\n\n<p><strong>Wie hoch sind die Kosten f\u00fcr eine kleine Bestellung?<\/strong><\/p>\n\n<p>F\u00fcr Bestellungen unter 20 Euro wird eine Kleinauftragsgeb\u00fchr von 10 Euro erhoben. Tipp: Oft ist es von Vorteil, etwas mehr zu bestellen, damit diese wegfallen.<\/p>\n\n<p><strong>Wie schnell werde ich meine Bestellung erhalten?<\/strong><\/p>\n\n<p>Pakete innerhalb Europas werden in der Regel mit GLS verschickt. Alle Umschl\u00e4ge und Pakete au\u00dferhalb Europas mit Postnl.<\/p>\n\n<p>Sehen Sie hier die aktuellen Lieferzeiten nach Transportunternehmen:<\/p>\n\n<ul class=\"wp-block-list\">\n<li><a href=\"https:\/\/gls-group.eu\/NL\/nl\/verzendinformatie\/verzenden-binnen-de-eu\" target=\"_blank\" rel=\"noreferrer noopener\">GLS<\/a><\/li>\n\n\n\n<li><a href=\"https:\/\/www.postnl.nl\/versturen\/pakket-versturen\/pakket-buitenland\/bezorgtijd-naar-buitenland\/\" target=\"_blank\" rel=\"noreferrer noopener\">PostNL<\/a><\/li>\n<\/ul>\n\n<p><strong>Ich m\u00f6chte mein Paket schneller erhalten, ist das m\u00f6glich?<\/strong><\/p>\n\n<p>Wenn Sie ein Paket schneller erhalten m\u00f6chten, k\u00f6nnen wir es \u00fcber andere, schnellere Logistikpartner oder \u00fcber die Kontonummer Ihres Spediteurs buchen. Alle zus\u00e4tzlichen Kosten gehen zu Lasten des K\u00e4ufers.<\/p>\n\n<p><strong>Wie teuer ist die Lieferung?<\/strong><\/p>\n\n<p>Innerhalb der Europ\u00e4ischen Union wenden wir feste, niedrige S\u00e4tze an. Dabei spielt es keine Rolle, ob Sie eine kleine oder eine sehr gro\u00dfe Bestellung aufgeben.<\/p>\n\n<figure class=\"wp-block-table\"><table><tbody><tr><td>Niederlande<\/td><td>  \u20ac 6,25<\/td><td><\/td><td>Irland<\/td><td>  \u20ac 16,95<\/td><td><\/td><td>Ungarn<\/td><td>  \u20ac 22,50<\/td><\/tr><tr><td>Belgien<\/td><td>  \u20ac 7,50<\/td><td><\/td><td>Italien<\/td><td>  \u20ac 16,95<\/td><td><\/td><td>Kroatien<\/td><td>  \u20ac 22,50<\/td><\/tr><tr><td>Deutschland<\/td><td>  \u20ac 8,70<\/td><td><\/td><td>Polen<\/td><td>  \u20ac 16,95<\/td><td><\/td><td>Lettland<\/td><td>  \u20ac 22,50<\/td><\/tr><tr><td>D\u00e4nemark<\/td><td>  \u20ac 12,50<\/td><td><\/td><td>Portugal<\/td><td>  \u20ac 16,95<\/td><td><\/td><td>Litauen<\/td><td>  \u20ac 22,50<\/td><\/tr><tr><td>Frankreich<\/td><td>  \u20ac 12,50<\/td><td><\/td><td>Spanien<\/td><td>  \u20ac 16,95<\/td><td><\/td><td>Rum\u00e4nien<\/td><td>  \u20ac 22,50<\/td><\/tr><tr><td>Luxemburg<\/td><td>  \u20ac 12,50<\/td><td><\/td><td>Schweden<\/td><td>  \u20ac 22,50<\/td><td><\/td><td>Slowenien<\/td><td>  \u20ac 22,50<\/td><\/tr><tr><td>\u00d6sterreich<\/td><td>  \u20ac 12,50<\/td><td><\/td><td>Bulgarien<\/td><td>  \u20ac 22,50<\/td><td><\/td><td>Slowakei<\/td><td>  \u20ac 22,50<\/td><\/tr><tr><td>Vereinigtes K\u00f6nigreich<\/td><td>  \u20ac 12,50<\/td><td><\/td><td>Estland<\/td><td>  \u20ac 22,50<\/td><td><\/td><td>Tschechische Republik<\/td><td>  \u20ac 22,50<\/td><\/tr><tr><td>Finnland<\/td><td>  \u20ac 16,95<\/td><td><\/td><td><\/td><td><\/td><td><\/td><td><\/td><td><\/td><\/tr><\/tbody><\/table><\/figure>\n\n<p>Au\u00dferhalb der Europ\u00e4ischen Union werden die Lieferkosten nach Gewicht berechnet:<\/p>\n\n<figure class=\"wp-block-table\"><table><tbody><tr><td>0 bis 999 gr<\/td><td>  \u20ac 50,00<\/td><td><\/td><td>8 kg. bis zu 8999 gr<\/td><td>  \u20ac 103,00<\/td><\/tr><tr><td>1 kg. bis zu 1999 gr<\/td><td>  \u20ac 55,00<\/td><td><\/td><td>9 kg. bis zu 9999 gr<\/td><td>  \u20ac 107,00<\/td><\/tr><tr><td>2 kg. bis zu 2999 gr<\/td><td>  \u20ac 60,00<\/td><td><\/td><td>10 kg. bis zu 10999 gr<\/td><td>  \u20ac 117,00<\/td><\/tr><tr><td>3 kg. bis zu 3999 gr<\/td><td>  \u20ac 65,00<\/td><td><\/td><td>11 kg. bis zu 11999 gr<\/td><td>  \u20ac 122,00<\/td><\/tr><tr><td>4 kg. bis zu 4999 gr<\/td><td>  \u20ac 73,80<\/td><td><\/td><td>12 kg. bis zu 12999 gr<\/td><td>  \u20ac 135,00<\/td><\/tr><tr><td>5 kg. bis zu 5999 gr<\/td><td>  \u20ac 78,00<\/td><td><\/td><td>13 kg. bis zu 13999 gr<\/td><td>  \u20ac 137,00<\/td><\/tr><tr><td>6 kg. bis zu 6999 gr<\/td><td>  \u20ac 84,00<\/td><td><\/td><td>14 kg. bis zu 14999 gr<\/td><td>  \u20ac 142,00<\/td><\/tr><tr><td>7 kg. bis zu 7999 gr<\/td><td>  \u20ac 93,00<\/td><td><\/td><td>15 kg. bis zu 15999 gr<\/td><td>  \u20ac 148,00<\/td><\/tr><\/tbody><\/table><\/figure>\n\n<p><strong>Ich w\u00fcrde gerne bestellen, aber es muss auf Rechnung sein?<\/strong><\/p>\n\n<p>Dies ist im Allgemeinen kein Problem. Auf der Grundlage einer Kreditpr\u00fcfung sehen wir, ob wir auf Rechnung liefern k\u00f6nnen. Wenn dies genehmigt wird, erhalten Sie einfach eine Rechnung, die innerhalb von 30 Tagen zu bezahlen ist. Schicken Sie uns eine E-Mail mit Ihren Firmendaten und der Bestellung und wir er\u00f6ffnen ein Konto f\u00fcr Sie!<\/p>\n\n<p><strong>Bekomme ich den Schlauch immer in 1 St\u00fcck geliefert?<\/strong><\/p>\n\n<p>Wir bem\u00fchen uns, Ihre Bestellung in so wenigen St\u00fccken wie m\u00f6glich zu liefern, aber in 1 St\u00fcck ist nicht immer m\u00f6glich. So kann es vorkommen, dass eine Bestellung von, sagen wir, 70 Metern in einem 50-Meter-St\u00fcck und einem 20-Meter-St\u00fcck oder 40 + 30 Metern geliefert wird, je nach Lagerbestand. Im Allgemeinen sind unsere vollen Rollen 50 oder 100 Meter lang, je nach dem gew\u00fcnschten Durchmesser.<\/p>\n","protected":false},"excerpt":{"rendered":"<p>Wann werde ich meine Bestellung erhalten? Wir bem\u00fchen uns, Ihre Bestellung innerhalb von 24 Stunden nach Zahlungseingang bei PostNL oder GLS aufzugeben, sofern auf Lager. Je nach Lieferland kommt eine Anzahl von Liefertagen hinzu. Sobald wir das Paket verschickt haben, erhalten Sie einen Tracking-Code, mit dem Sie das Paket verfolgen k\u00f6nnen. Wie hoch sind die [&hellip;]<\/p>\n","protected":false},"author":2,"featured_media":0,"parent":0,"menu_order":0,"comment_status":"closed","ping_status":"closed","template":"","meta":{"footnotes":""},"class_list":["post-47575","page","type-page","status-publish","hentry"],"_links":{"self":[{"href":"https:\/\/pfatubeshop.com\/de\/wp-json\/wp\/v2\/pages\/47575","targetHints":{"allow":["GET"]}}],"collection":[{"href":"https:\/\/pfatubeshop.com\/de\/wp-json\/wp\/v2\/pages"}],"about":[{"href":"https:\/\/pfatubeshop.com\/de\/wp-json\/wp\/v2\/types\/page"}],"author":[{"embeddable":true,"href":"https:\/\/pfatubeshop.com\/de\/wp-json\/wp\/v2\/users\/2"}],"replies":[{"embeddable":true,"href":"https:\/\/pfatubeshop.com\/de\/wp-json\/wp\/v2\/comments?post=47575"}],"version-history":[{"count":0,"href":"https:\/\/pfatubeshop.com\/de\/wp-json\/wp\/v2\/pages\/47575\/revisions"}],"wp:attachment":[{"href":"https:\/\/pfatubeshop.com\/de\/wp-json\/wp\/v2\/media?parent=47575"}],"curies":[{"name":"wp","href":"https:\/\/api.w.org\/{rel}","templated":true}]}}