{"id":46409,"date":"2024-01-13T12:07:30","date_gmt":"2024-01-13T11:07:30","guid":{"rendered":"https:\/\/pfatubeshop.com\/product\/pfa-hadice-451-vysoka-cistota-3-8-x-1-2-953-mm-x-127-mm\/"},"modified":"2024-06-05T12:53:08","modified_gmt":"2024-06-05T10:53:08","slug":"pfa-hadice-451-vysoka-cistota-3-8-x-1-2-953-mm-x-127-mm","status":"publish","type":"product","link":"https:\/\/pfatubeshop.com\/cs\/produkt\/pfa-hadice-451-vysoka-cistota-3-8-x-1-2-953-mm-x-127-mm\/","title":{"rendered":"PFA hadice 451 vysok\u00e1 \u010distota 3\/8&#8243; x 1\/2&#8243; &#8211; 9,53 mm x 12,7 mm"},"content":{"rendered":"<h1>VYSOCE \u010cIST\u00c1 PFA hadice 3\/8&#8243; x 1\/2&#8243; &#8211; (9,53 mm x 12,7 mm)<\/h1>\n<p>Tato hadice PFA je vyrobena z <strong>granul\u00e1tu Chemours 451 HP <\/strong>. Hadice m\u00e1 vn\u011bj\u0161\u00ed pr\u016fm\u011br 12,7 mm (OD), vnit\u0159n\u00ed pr\u016fm\u011br 9,53 mm (ID) a tlou\u0161\u0165ku st\u011bny 1,6 mm.<\/p>\n<p>Hadice PFA 451HP se \u010dasto pou\u017e\u00edvaj\u00ed jako potrub\u00ed pro v\u00fdrobu velmi \u010dist\u00fdch chemik\u00e1li\u00ed, komponenty pro p\u0159epravu kapalin v polovodi\u010dov\u00e9m pr\u016fmyslu a vysoce v\u00fdkonn\u00e9 chemick\u00e9 d\u00e1vkovac\u00ed syst\u00e9my, kde je \u010distota nejvy\u0161\u0161\u00edm po\u017eadavkem.<\/p>\n<p>Hadice PFA 451HP maj\u00ed ve srovn\u00e1n\u00ed se standardn\u00edmi hadicemi PFA je\u0161t\u011b lep\u0161\u00ed hladkost povrchu a pou\u017e\u00edvaj\u00ed se tam, kde se vy\u017eaduje nejvy\u0161\u0161\u00ed \u00farove\u0148 chemick\u00e9 odolnosti a \u010distoty.<\/p>\n<p>V\u00fdrobky z granul\u00ed\/prysky\u0159ice PFA 451HP spl\u0148uj\u00ed po\u017eadavky na styk s potravinami podle FDA 21 CFR 177.1550 a evropsk\u00e9ho na\u0159\u00edzen\u00ed (EU) \u010d. 10\/2011. \u00dapln\u00e9 informace naleznete na str\u00e1nk\u00e1ch spole\u010dnosti <a href=\"https:\/\/www.teflon.com\/en\/-\/media\/files\/teflon\/teflon-pfa-451hp-product-info.pdf?rev=1a7aa238a39543218468304f57b6c73c&amp;hash=0E3C9255CCAC4D0E33F6B2AD380CE8ED\" rel=\"noopener\">Chemours<\/a>.<\/p>\n<p><strong>Tato hadice PFA s vysokou \u010distotou 3\/8&#8243; x 1\/2&#8243; m\u00e1 n\u00e1sleduj\u00edc\u00ed vlastnosti:<\/strong><\/p>\n<ul>\n<li>Vnit\u0159n\u00ed pr\u016fm\u011br (ID): 9,5 mm +\/- 0,2 mm<br \/>\nVn\u011bj\u0161\u00ed pr\u016fm\u011br (OD): 12,7 mm +\/- 0,2 mm<br \/>\nTlou\u0161\u0165ka st\u011bny: 1,58 mm +\/- 0,1 mm<br \/>\nTeplotn\u00ed rozsah: minus 200 \u00b0C a\u017e plus 260 \u00b0C<br \/>\nPolom\u011br ohybu: 75 &#8211; 85 mm<br \/>\nBarva: pr\u016fhledn\u00e1<br \/>\nTvar: hladk\u00fd<br \/>\nSchv\u00e1len\u00ed FDA: Ano<br \/>\nHmotnost na 100 metr\u016f: 12,36 kg<br \/>\nTlak p\u0159i roztr\u017een\u00ed v barech (20 \u00b0C): 77 bar\u016f<br \/>\nPracovn\u00ed tlak (20 \u00b0C): 15 bar\u016f*.<\/li>\n<\/ul>\n<p>PFA (perfluoroalkoxy) m\u00e1 jedine\u010dn\u00e9 vlastnosti:<\/p>\n<ul>\n<li>Transparentn\u00ed<\/li>\n<li>Tavn\u00e9 \/ sva\u0159iteln\u00e9<\/li>\n<li>Chemicky inertn\u00ed<\/li>\n<li>\u0160irok\u00fd teplotn\u00ed rozsah -200C a\u017e +260C<\/li>\n<li>\u017d\u00e1dn\u00e1 p\u0159ilnavost \/ velmi n\u00edzk\u00e9 t\u0159en\u00ed<\/li>\n<li>Vodoodpudiv\u00e9<\/li>\n<li>Schv\u00e1leno FDA<\/li>\n<li>Dobr\u00e9 izola\u010dn\u00ed hodnoty<\/li>\n<\/ul>\n<p style=\"text-align: center;\"><b>V\u0161echny vlastnosti produktu jsou referen\u010dn\u00ed, podm\u00ednky pou\u017eit\u00ed mohou b\u00fdt ovlivn\u011bny, proto v\u017edy doporu\u010dujeme d\u016fkladn\u00e9 testov\u00e1n\u00ed.<\/b><\/p>\n<p>* Pom\u011br tlaku p\u0159i roztr\u017een\u00ed k pracovn\u00edmu tlaku je obvykle 3:1 nebo 5:1 v z\u00e1vislosti na teplot\u011b, m\u00e9diu, kter\u00e9 je v kontaktu s PFA trubkou, anal\u00fdze rizik a dal\u0161\u00edch faktorech.<\/p>\n<p><span style=\"color: #1a1a1a; font-size: 1.4rem; letter-spacing: -0.02em;\">Objednat 3\/8\u2033 x 1\/2&#8243; (9,53 mm x 12,7 mm) PFA hadice vysok\u00e9 \u010distoty s 8 v\u00fdhodami \u01c0 PTFEtubeshop.com<\/span><\/p>\n<p>Tato PFA hadice 3\/8&#8243; x 1\/2&#8243; &#8211; (9,53 mm x 12,7 mm) se dod\u00e1v\u00e1 v souladu s na\u0161imi 8 z\u00e1kladn\u00edmi hodnotami:<\/p>\n<p>1) Doprava do 24 hodin, pokud je skladem<br \/>\n2) Hadice PFA, prvot\u0159\u00eddn\u00ed kvalita s p\u0159\u00edsn\u00fdmi tolerancemi<br \/>\n3) Objednejte si online od 1 metru nebo se zeptejte na mo\u017enosti p\u0159izp\u016fsoben\u00ed hadice na m\u00edru<br \/>\n4) Skladov\u00e9 z\u00e1soby podle p\u0159\u00e1n\u00ed z\u00e1kazn\u00edka a dod\u00e1vky just-in-time; <a href=\"https:\/\/pfatubeshop.com\/contact\/\">kontaktujte n\u00e1s<\/a> a prodiskutujte mo\u017enosti.<br \/>\n5) Dod\u00e1vka na \u00fa\u010det. Kontaktujte n\u00e1s nebo za\u0161lete e-mailovou objedn\u00e1vku a my zjist\u00edme, zda m\u016f\u017eeme za\u010d\u00edt dod\u00e1vat na \u00fa\u010det.<br \/>\n6) Celosv\u011btov\u00e9 doru\u010den\u00ed, zadejte dodac\u00ed adresu p\u0159i odhl\u00e1\u0161en\u00ed a syst\u00e9m vypo\u010d\u00edt\u00e1 n\u00e1klady na dopravu.<br \/>\n7) Sn\u00ed\u017een\u00ed emis\u00ed CO2, za ka\u017ed\u00fdch 20 kilogram\u016f prodan\u00e9ho materi\u00e1lu vysad\u00edme strom.<br \/>\n8) Cena pro p\u0159\u00edpad, \u017ee by na\u0161e cena p\u0159ece jen nebyla spr\u00e1vn\u00e1. Dejte n\u00e1m v\u011bd\u011bt a uvid\u00edme, zda v\u00e1m m\u016f\u017eeme vyhov\u011bt.<\/p>\n<p>Objevte bezkonkuren\u010dn\u00ed v\u00fdkon a trvanlivost na\u0161ich vysoce kvalitn\u00edch hadic PFA HP. A\u0165 u\u017e pracujete v chemick\u00e9m, farmaceutick\u00e9m, leteck\u00e9m nebo jin\u00e9m n\u00e1ro\u010dn\u00e9m pr\u016fmyslu, na\u0161e hadice PFA nab\u00edzej\u00ed spolehliv\u00e1 \u0159e\u0161en\u00ed pro va\u0161e kritick\u00e9 aplikace. D\u00edky vynikaj\u00edc\u00ed chemick\u00e9 odolnosti, toleranci v\u016f\u010di extr\u00e9mn\u00edm teplot\u00e1m a \u0159ad\u011b dostupn\u00fdch velikost\u00ed a d\u00e9lek spl\u0148uj\u00ed na\u0161e v\u00fdrobky nejvy\u0161\u0161\u00ed n\u00e1roky na v\u00fdkon a spolehlivost. Pokud m\u00e1te dal\u0161\u00ed dotazy nebo hled\u00e1te alternativn\u00ed pr\u016fm\u011br, kontaktujte <a style=\"font-size: 16px;\" href=\"https:\/\/pfatubeshop.com\/offerte-aanvragen\/\">n\u00e1s<\/a> je\u0161t\u011b dnes a z\u00edskejte<span style=\"font-size: 16px;\"> v\u00edce informac\u00ed<\/span>.<\/p>\n<h3>Teflon\u2122 PFA<\/h3>\n<p>Teflon\u2122 je registrovan\u00e1 ochrann\u00e1 zn\u00e1mka spole\u010dnosti Chemours pro fluoroplastov\u00e9 granul\u00e1ty, povlaky a f\u00f3lie atd. Zna\u010dka Teflon\u2122 je licencov\u00e1na spole\u010dnost\u00ed Chemours ve spojen\u00ed se schv\u00e1len\u00fdmi aplikacemi. Bez licence na ochrannou zn\u00e1mku nem\u016f\u017eeme na\u0161e v\u00fdrobky ozna\u010dovat zna\u010dkou Teflon, proto\u017ee nem\u00e1me licenci na ochrannou zn\u00e1mku Teflon. Proto pro na\u0161e hadice s vysokou \u010distotou pou\u017e\u00edv\u00e1me pouze materi\u00e1l s k\u00f3dem Chemours 451HP, nikoli teflon 451HP.<\/p>\n<h3>Cenov\u00e1 tabulka PFA hadice HP451 3\/8\u2033 x 1\/2&#8243;- (9,53 mm x 12,7 mm)<\/h3>\n<div id=\"ConnectiveDocSignExtentionInstalled\" data-extension-version=\"1.0.4\"><\/div>\n","protected":false},"excerpt":{"rendered":"<p><strong><span style=\"color: #c51230;\"><i class=\"far fa-check\"><\/i> \u221a Materi\u00e1l Chemours PFA<\/span><\/strong><br \/>\n<i class=\"far fa-check\"><\/i><\/p>\n<p><strong><span style=\"color: #c51230;\">\u221a<\/span> 451 HP granul\u00e1t &#8211; VYSOK\u00c1 \u010cISTOTA<\/strong><br \/>\n<i class=\"far fa-check\"><\/i><\/p>\n<p><strong><span style=\"color: #c51230;\">\u221a <\/span>Odesl\u00e1no do 24 hodin z 1 metru<\/strong><br \/>\n<i class=\"far fa-check\"><\/i><\/p>\n<p><strong><span style=\"color: #c51230;\">\u221a <\/span>Velmi t\u011bsn\u00e9<\/strong><b>tolerance<\/b><\/p>\n<div id=\"ConnectiveDocSignExtentionInstalled\" data-extension-version=\"1.0.4\"><\/div>\n","protected":false},"featured_media":41447,"template":"","meta":[],"product_brand":[],"product_cat":[13057],"product_tag":[13479,13478],"class_list":{"0":"post-46409","1":"product","2":"type-product","3":"status-publish","4":"has-post-thumbnail","6":"type-high-purity-pfa-cs","7":"sizing-inch-cs","8":"product_cat-products-cs","9":"product_tag-pfa-chemours-hp451-cs","10":"product_tag-vysoce-cisty-pfa","12":"first","13":"instock","14":"taxable","15":"shipping-taxable","16":"purchasable","17":"product-type-variable"},"_links":{"self":[{"href":"https:\/\/pfatubeshop.com\/cs\/wp-json\/wp\/v2\/product\/46409","targetHints":{"allow":["GET"]}}],"collection":[{"href":"https:\/\/pfatubeshop.com\/cs\/wp-json\/wp\/v2\/product"}],"about":[{"href":"https:\/\/pfatubeshop.com\/cs\/wp-json\/wp\/v2\/types\/product"}],"wp:featuredmedia":[{"embeddable":true,"href":"https:\/\/pfatubeshop.com\/cs\/wp-json\/wp\/v2\/media\/41447"}],"wp:attachment":[{"href":"https:\/\/pfatubeshop.com\/cs\/wp-json\/wp\/v2\/media?parent=46409"}],"wp:term":[{"taxonomy":"product_brand","embeddable":true,"href":"https:\/\/pfatubeshop.com\/cs\/wp-json\/wp\/v2\/product_brand?post=46409"},{"taxonomy":"product_cat","embeddable":true,"href":"https:\/\/pfatubeshop.com\/cs\/wp-json\/wp\/v2\/product_cat?post=46409"},{"taxonomy":"product_tag","embeddable":true,"href":"https:\/\/pfatubeshop.com\/cs\/wp-json\/wp\/v2\/product_tag?post=46409"}],"curies":[{"name":"wp","href":"https:\/\/api.w.org\/{rel}","templated":true}]}}