{"id":40800,"date":"2023-10-19T13:12:20","date_gmt":"2023-10-19T11:12:20","guid":{"rendered":"https:\/\/pfatubeshop.com\/?post_type=product&#038;p=40800"},"modified":"2024-03-25T08:02:14","modified_gmt":"2024-03-25T07:02:14","slug":"pfa-hadicka-2-mm-x-4-mm","status":"publish","type":"product","link":"https:\/\/pfatubeshop.com\/cs\/produkt\/pfa-hadicka-2-mm-x-4-mm\/","title":{"rendered":"PFA hadi\u010dka 2 mm x 4 mm"},"content":{"rendered":"<h1>PFA hadi\u010dka 2 mm x 4 mm<\/h1>\n<p>Tato PFA hadi\u010dka m\u00e1 vn\u011bj\u0161\u00ed pr\u016fm\u011br (OD) 4 mm, vnit\u0159n\u00ed pr\u016fm\u011br (ID) 2 mm a tlou\u0161\u0165ku st\u011bny 1,0 mm. Na\u0161e PFA hadi\u010dky jsou vyr\u00e1b\u011bn\u00e9 v\u00fdhradn\u011b ze 100% \u010dist\u00fdch granul\u00ed PFA. PFA (perfluoroalkoxy) hadi\u010dky jsou typem hadi\u010dek s variabiln\u00edm vyu\u017eit\u00edm zejm\u00e9na v pr\u016fmyslu a chemii d\u00edky sv\u00fdm jedine\u010dn\u00fdm vlastnostem:<\/p>\n<ul>\n<li>Pr\u016fhledn\u00e9<\/li>\n<li>Taviteln\u00e9\/sva\u0159iteln\u00e9<\/li>\n<li>Chemicky inertn\u00ed<\/li>\n<li>\u0160irok\u00fd rozsah teplot \u2212200 \u00b0C a\u017e +260 \u00b0C<\/li>\n<li>Neadhezivn\u00ed \/ s velmi n\u00edzk\u00fdm t\u0159en\u00edm<\/li>\n<li>Hydrofobn\u00ed (odpuzuj\u00edc\u00ed vodu)<\/li>\n<li>Schv\u00e1len\u00e9 FDA<\/li>\n<li>Dobr\u00e9 izola\u010dn\u00ed vlastnosti<\/li>\n<\/ul>\n<p>&nbsp;<\/p>\n<p>PFA nach\u00e1z\u00ed \u0161irok\u00e9 vyu\u017eit\u00ed v r\u016fzn\u00fdch oblastech, nap\u0159\u00edklad ve zdravotnick\u00e9m pr\u016fmyslu, letectv\u00ed a kosmonautice, petrochemii, polovodi\u010dov\u00e9m pr\u016fmyslu a obalov\u00e9m a potravin\u00e1\u0159sk\u00e9m pr\u016fmyslu.<\/p>\n<h4>Tato hadi\u010dka z PFA m\u00e1 n\u00e1sleduj\u00edc\u00ed produktov\u00e9 vlastnosti:<\/h4>\n<ul>\n<li>Vnit\u0159n\u00ed pr\u016fm\u011br (ID): 2,0 mm +\/\u2212 0,15 mm<\/li>\n<li>Vn\u011bj\u0161\u00ed pr\u016fm\u011br (OD): 4,0 mm +\/\u2212 0,15 mm<\/li>\n<li>Tlou\u0161\u0165ka st\u011bny: 1,0 mm +\/\u2212 0,1 mm<\/li>\n<li>Rozsah teplot: \u2212200 \u00b0C a\u017e +260 \u00b0C<\/li>\n<li>Polom\u011br ohybu: 10\u201312 mm<\/li>\n<li>Barva: Pr\u016fhledn\u00e1<\/li>\n<li>Tvar: Hladk\u00fd<\/li>\n<li>Schv\u00e1len\u00ed FDA: Ano<\/li>\n<li>Hmotnost na 100 metr\u016f: 2,09 kg<\/li>\n<li>Pr\u016ftr\u017en\u00fd tlak v bar (20 \u00b0C): 165 bar<\/li>\n<li><span class=\"zw-portion zw-text-portion\" data-text-len=\"30\">Pracovn\u00ed tlak (20 \u00b0C): 33 bar*<\/span><span class=\"zw-portion zeroSize\" data-text-len=\"1\"><img id=\"zw_bm_0\" class=\"spacer zw-range-start bookmark\" data-bookmark-name=\"_Hlk149145542\" \/><\/span><span class=\"zw-portion zeroSize\" data-text-len=\"1\"><img class=\"spacer zw-range-end noprint\" \/><\/span><span class=\"EOP-readonly EOP\">\u00a0<\/span><\/li>\n<\/ul>\n<p>&nbsp;<\/p>\n<h5 style=\"text-align: center;\">V\u0161echny produktov\u00e9 vlastnosti jsou pouze orienta\u010dn\u00ed. Mohou je ovlivnit provozn\u00ed podm\u00ednky, proto<br \/>\nv\u017edy doporu\u010dujeme d\u016fkladn\u00e9 otestov\u00e1n\u00ed.<\/h5>\n<p>* Pom\u011br mezi pr\u016ftr\u017en\u00fdm tlakem a pracovn\u00edm tlakem je obecn\u011b 3 ku 1 nebo 5 ku 1, v z\u00e1vislosti na teplot\u011b, m\u00e9diu v kontaktu s PFA hadi\u010dkou, anal\u00fdze rizik a dal\u0161\u00edch faktorech.<\/p>\n<p>Pokud m\u00e1te z\u00e1jem o v\u00edce informac\u00ed k jedine\u010dn\u00fdm vlastnostem materi\u00e1lu PFA, najdete \u00fapln\u00fd popis jeho vlastnost\u00ed na Wikipedii: <a href=\"https:\/\/en.wikipedia.org\/wiki\/Perfluoroalkoxy_alkane\" rel=\"noopener\">Perfluoroalkoxy alkane &#8211; Wikipedia<\/a><\/p>\n<h4>Objednejte si PFA hadi\u010dky 2 mm \u00d7 4 mm s 8 v\u00fdhodami | PTFEtubeshop.com<\/h4>\n<p>Tato PFA hadi\u010dka 2 mm \u00d7 4 mm se dod\u00e1v\u00e1 v souladu s na\u0161imi 8 z\u00e1kladn\u00edmi hodnotami:<\/p>\n<div class=\"zw-paragraph\" data-width=\"604.992\" data-tabpoints=\"[{&quot;leader&quot;:0,&quot;id&quot;:&quot;0&quot;,&quot;align&quot;:0,&quot;point&quot;:&quot;0.491in&quot;}]\" data-textformat=\"{&quot;size&quot;:11}\">\n<div class=\"zw-line-div\">\n<div class=\"zw-line-content\"><span class=\"zw-bullet zw-bullet-order-list\">1) <\/span><span class=\"zw-portion zw-text-portion\" data-text-len=\"41\">Odesl\u00e1n\u00ed\u00a0do\u00a024\u00a0hodin,\u00a0pokud\u00a0m\u00e1me\u00a0skladem.<\/span><span class=\"EOP-readonly EOP\">\u00a0<\/span><\/div>\n<\/div>\n<\/div>\n<div class=\"zw-paragraph\" data-width=\"604.992\" data-tabpoints=\"[{&quot;leader&quot;:0,&quot;id&quot;:&quot;0&quot;,&quot;align&quot;:0,&quot;point&quot;:&quot;0.491in&quot;}]\" data-textformat=\"{&quot;size&quot;:11}\">\n<div class=\"zw-line-div\">\n<div class=\"zw-line-content\"><span class=\"zw-bullet zw-bullet-order-list\">2) <\/span><span class=\"zw-portion zw-text-portion\" data-text-len=\"49\">PFA\u00a0hadi\u010dka\u00a0\u0161pi\u010dkov\u00e9\u00a0kvality\u00a0s\u00a0p\u0159\u00edsnou\u00a0toleranc\u00ed.<\/span><span class=\"EOP-readonly EOP\">\u00a0<\/span><\/div>\n<\/div>\n<\/div>\n<div class=\"zw-paragraph\" data-width=\"604.992\" data-tabpoints=\"[{&quot;leader&quot;:0,&quot;id&quot;:&quot;0&quot;,&quot;align&quot;:0,&quot;point&quot;:&quot;0.491in&quot;}]\" data-textformat=\"{&quot;size&quot;:11}\">\n<div class=\"zw-line-div\">\n<div class=\"zw-line-content\"><span class=\"zw-bullet zw-bullet-order-list\">3) <\/span><span class=\"zw-portion zw-text-portion\" data-text-len=\"81\">Dostupn\u00e9\u00a0k\u00a0online\u00a0objedn\u00e1n\u00ed\u00a0od\u00a01\u00a0metru,\u00a0nebo\u00a0se\u00a0informujte\u00a0o\u00a0mo\u017enostech\u00a0objedn\u00e1n\u00ed<\/span> <span class=\"zw-portion zw-text-portion\" data-text-len=\"40\">hadi\u010dek\u00a0na\u0159ezan\u00fdch\u00a0na\u00a0po\u017eadovanou\u00a0d\u00e9lku.<\/span><span class=\"EOP-readonly EOP\">\u00a0<\/span><\/div>\n<\/div>\n<\/div>\n<div class=\"zw-paragraph\" data-width=\"604.992\" data-tabpoints=\"[{&quot;leader&quot;:0,&quot;id&quot;:&quot;0&quot;,&quot;align&quot;:0,&quot;point&quot;:&quot;0.491in&quot;}]\" data-textformat=\"{&quot;size&quot;:11}\">\n<div class=\"zw-line-div\">\n<div class=\"zw-line-content\"><span class=\"zw-bullet zw-bullet-order-list\">4) <\/span><span class=\"zw-portion zw-text-portion\" data-text-len=\"89\">Skladov\u00e9\u00a0z\u00e1soby\u00a0pro\u00a0konkr\u00e9tn\u00edho\u00a0z\u00e1kazn\u00edka\u00a0a\u00a0dod\u00e1n\u00ed\u00a0Just\u00a0in\u00a0Time;\u00a0<a href=\"https:\/\/pfatubeshop.com\/cs\/kontakt\/\">kontaktujte\u00a0<\/a>n\u00e1s,\u00a0abychom<\/span> <span class=\"zw-portion zw-text-portion\" data-text-len=\"18\">probrali\u00a0mo\u017enosti.<\/span><span class=\"EOP-readonly EOP\">\u00a0<\/span><\/div>\n<\/div>\n<\/div>\n<div class=\"zw-paragraph\" data-width=\"604.992\" data-tabpoints=\"[{&quot;leader&quot;:0,&quot;id&quot;:&quot;0&quot;,&quot;align&quot;:0,&quot;point&quot;:&quot;0.491in&quot;}]\" data-textformat=\"{&quot;size&quot;:11}\">\n<div class=\"zw-line-div\">\n<div class=\"zw-line-content\"><span class=\"zw-bullet zw-bullet-order-list\">5) <\/span><span class=\"zw-portion zw-text-portion\" data-text-len=\"89\">Dod\u00e1n\u00ed\u00a0na\u00a0fakturu.\u00a0Kontaktujte\u00a0n\u00e1s\u00a0nebo\u00a0po\u0161lete\u00a0objedn\u00e1vku\u00a0a\u00a0my\u00a0zv\u00e1\u017e\u00edme\u00a0dod\u00e1n\u00ed\u00a0na\u00a0fakturu<\/span> <span class=\"zw-portion zw-text-portion\" data-text-len=\"21\">s\u00a030denn\u00ed\u00a0splatnost\u00ed.<\/span><span class=\"EOP-readonly EOP\">\u00a0<\/span><\/div>\n<\/div>\n<\/div>\n<div class=\"zw-paragraph\" data-width=\"604.992\" data-tabpoints=\"[{&quot;leader&quot;:0,&quot;id&quot;:&quot;0&quot;,&quot;align&quot;:0,&quot;point&quot;:&quot;0.491in&quot;}]\" data-textformat=\"{&quot;size&quot;:11}\">\n<div class=\"zw-line-div\">\n<div class=\"zw-line-content\"><span class=\"zw-bullet zw-bullet-order-list\">6) <\/span><span class=\"zw-portion zw-text-portion\" data-text-len=\"83\">Doprava\u00a0do\u00a0cel\u00e9ho\u00a0sv\u011bta\u00a0\u2013\u00a0u\u00a0pokladny\u00a0zadejte\u00a0doru\u010dovac\u00ed\u00a0adresu\u00a0a\u00a0syst\u00e9m\u00a0v\u00e1m\u00a0spo\u010d\u00edt\u00e1<\/span> <span class=\"zw-portion zw-text-portion\" data-text-len=\"19\">n\u00e1klady\u00a0na\u00a0dopravu.<\/span><span class=\"EOP-readonly EOP\">\u00a0<\/span><\/div>\n<\/div>\n<\/div>\n<div class=\"zw-paragraph\" data-width=\"604.992\" data-tabpoints=\"[{&quot;leader&quot;:0,&quot;id&quot;:&quot;0&quot;,&quot;align&quot;:0,&quot;point&quot;:&quot;0.491in&quot;}]\" data-textformat=\"{&quot;size&quot;:11}\">\n<div class=\"zw-line-div\">\n<div class=\"zw-line-content\"><span class=\"zw-bullet zw-bullet-order-list\">7) <\/span><span class=\"zw-portion zw-text-portion\" data-text-len=\"81\">Sni\u017eov\u00e1n\u00ed\u00a0CO2\u00a0\u2013\u00a0za\u00a0ka\u017ed\u00fdch\u00a020\u00a0kilogram\u016f\u00a0prodan\u00e9ho\u00a0materi\u00e1lu\u00a0zasad\u00edme\u00a0jeden\u00a0strom.<\/span><span class=\"EOP-readonly EOP\">\u00a0<\/span><\/div>\n<\/div>\n<\/div>\n<div class=\"zw-paragraph\" data-width=\"604.992\" data-tabpoints=\"[{&quot;leader&quot;:0,&quot;id&quot;:&quot;0&quot;,&quot;align&quot;:0,&quot;point&quot;:&quot;0.491in&quot;}]\" data-textformat=\"{&quot;size&quot;:11}\">\n<div class=\"zw-line-div\">\n<div class=\"zw-line-content\"><span class=\"zw-bullet zw-bullet-order-list\">8) <\/span><span class=\"zw-portion zw-text-portion\" data-text-len=\"30\">Cena\u00a0\u2013\u00a0pokud\u00a0se\u00a0v\u00e1m\u00a0na\u0161e\u00a0cena\u00a0<\/span><span class=\"zw-portion zw-text-portion\" data-text-len=\"12\">nebude\u00a0zd\u00e1t\u00a0<\/span><span class=\"zw-portion zw-text-portion\" data-text-len=\"39\">konkurenceschopn\u00e1,\u00a0dejte\u00a0n\u00e1m\u00a0v\u011bd\u011bt\u00a0a\u00a0my<\/span> <span class=\"zw-portion zw-text-portion\" data-text-len=\"32\">zv\u00e1\u017e\u00edme,\u00a0zda\u00a0v\u00e1m\u00a0m\u016f\u017eeme\u00a0vyhov\u011bt.<\/span><span class=\"EOP-readonly EOP\">\u00a0<\/span><\/div>\n<\/div>\n<\/div>\n<p>Objevte nedosti\u017en\u00fd v\u00fdkon a odolnost na\u0161ich vysoce kvalitn\u00edch hadi\u010dek PFA. A\u0165 u\u017e pracujete v chemick\u00e9m pr\u016fmyslu, farmaceutick\u00fdch oborech, letectv\u00ed a kosmonautice nebo dal\u0161\u00edch n\u00e1ro\u010dn\u00fdch odv\u011btv\u00edch, na\u0161e hadi\u010dky PFA nab\u00edzej\u00ed spolehliv\u00e1 \u0159e\u0161en\u00ed pro pou\u017eit\u00ed v n\u00e1ro\u010dn\u00fdch podm\u00ednk\u00e1ch. D\u00edky vynikaj\u00edc\u00ed chemick\u00e9 odolnosti, extr\u00e9mn\u00ed teplotn\u00ed toleranci a \u0161irok\u00e9mu rozsahu dostupn\u00fdch velikost\u00ed a d\u00e9lek spl\u0148uj\u00ed na\u0161e produkty ty nejvy\u0161\u0161\u00ed standardy v\u00fdkonu a spolehlivosti. Pokud m\u00e1te jak\u00e9koli dal\u0161\u00ed dotazy nebo hled\u00e1te jin\u00e9 pr\u016fm\u011bry, <a href=\"https:\/\/pfatubeshop.com\/cs\/zadost-o-cenovou-nabidku\/\">kontaktujte<\/a> n\u00e1s je\u0161t\u011b dnes a my v\u00e1m poskytneme dal\u0161\u00ed informace.<\/p>\n<h3>Tabulka s cenami hadi\u010dek PFA 2 mm \u00d7 4 mm<\/h3>\n","protected":false},"excerpt":{"rendered":"<p><strong><span style=\"color: #c51230;\">\u221a<i class=\"far fa-check\"><\/i> <\/span>Vyroben\u00e1 ze 100% \u010dist\u00e9ho PFA<\/strong><br \/>\n<i class=\"far fa-check\"><\/i><\/p>\n<p><strong><span style=\"color: #c51230;\">\u221a <\/span>K dispozici od 1 metru <\/strong><br \/>\n<i class=\"far fa-check\"><\/i><\/p>\n<p><strong><span style=\"color: #c51230;\">\u221a <\/span>P\u0159\u00edsn\u00e1 tolerance pr\u016fm\u011bru<\/strong><br \/>\n<i class=\"far fa-check\"><\/i><\/p>\n<p><strong><span style=\"color: #c51230;\">\u221a <\/span>Odes\u00edl\u00e1no do 24 hodin<\/strong><\/p>\n<div id=\"ConnectiveDocSignExtentionInstalled\" data-extension-version=\"1.0.4\"><\/div>\n","protected":false},"featured_media":41447,"template":"","meta":[],"product_brand":[],"product_cat":[13057],"product_tag":[],"class_list":{"0":"post-40800","1":"product","2":"type-product","3":"status-publish","4":"has-post-thumbnail","6":"type-standard-pfa-cs","7":"sizing-mm-cs","8":"product_cat-products-cs","10":"first","11":"instock","12":"taxable","13":"shipping-taxable","14":"purchasable","15":"product-type-variable"},"_links":{"self":[{"href":"https:\/\/pfatubeshop.com\/cs\/wp-json\/wp\/v2\/product\/40800","targetHints":{"allow":["GET"]}}],"collection":[{"href":"https:\/\/pfatubeshop.com\/cs\/wp-json\/wp\/v2\/product"}],"about":[{"href":"https:\/\/pfatubeshop.com\/cs\/wp-json\/wp\/v2\/types\/product"}],"wp:featuredmedia":[{"embeddable":true,"href":"https:\/\/pfatubeshop.com\/cs\/wp-json\/wp\/v2\/media\/41447"}],"wp:attachment":[{"href":"https:\/\/pfatubeshop.com\/cs\/wp-json\/wp\/v2\/media?parent=40800"}],"wp:term":[{"taxonomy":"product_brand","embeddable":true,"href":"https:\/\/pfatubeshop.com\/cs\/wp-json\/wp\/v2\/product_brand?post=40800"},{"taxonomy":"product_cat","embeddable":true,"href":"https:\/\/pfatubeshop.com\/cs\/wp-json\/wp\/v2\/product_cat?post=40800"},{"taxonomy":"product_tag","embeddable":true,"href":"https:\/\/pfatubeshop.com\/cs\/wp-json\/wp\/v2\/product_tag?post=40800"}],"curies":[{"name":"wp","href":"https:\/\/api.w.org\/{rel}","templated":true}]}}