{"id":47788,"date":"2024-06-07T12:33:59","date_gmt":"2024-06-07T10:33:59","guid":{"rendered":"https:\/\/pfatubeshop.com\/zasady-ochrany-osobnich-udaju\/"},"modified":"2024-06-07T12:34:00","modified_gmt":"2024-06-07T10:34:00","slug":"zasady-ochrany-osobnich-udaju","status":"publish","type":"page","link":"https:\/\/pfatubeshop.com\/cs\/zasady-ochrany-osobnich-udaju\/","title":{"rendered":"Z\u00e1sady ochrany osobn\u00edch \u00fadaj\u016f"},"content":{"rendered":"\n<h1>V\u00edtejte v na\u0161em prohl\u00e1\u0161en\u00ed o ochran\u011b osobn\u00edch \u00fadaj\u016f<\/h1>\n<h3>Va\u0161e soukrom\u00ed je pro n\u00e1s d\u016fle\u017eit\u00e9<\/h3>\n<p>Prodejna trubek PFA se nach\u00e1z\u00ed na adrese:<\/p>\n<address>Obchod s trubkami PFA<br\/>Baarschot 20B Breda<br\/>4817 ZZ &#8211; Severn\u00ed Brabantsko, Nizozemsko<br\/>+31 76 201 1487<\/address>\n<p>Z\u00e1sadou spole\u010dnosti PFA Tube Shop je respektovat va\u0161e soukrom\u00ed, pokud jde o ve\u0161ker\u00e9 informace, kter\u00e9 m\u016f\u017eeme shrom\u00e1\u017edit p\u0159i pou\u017e\u00edv\u00e1n\u00ed na\u0161ich webov\u00fdch str\u00e1nek. Toto prohl\u00e1\u0161en\u00ed o ochran\u011b osobn\u00edch \u00fadaj\u016f se vztahuje na <a href=\"https:\/\/pfatubeshop.com\/cs\/\">pfatubeshop.com<\/a> (d\u00e1le jen &#8222;my&#8220;, &#8222;n\u00e1s&#8220; nebo &#8222;pfatubeshop.com&#8220;). Respektujeme va\u0161e soukrom\u00ed a zavazujeme se chr\u00e1nit ve\u0161ker\u00e9 osobn\u00ed \u00fadaje, kter\u00e9 n\u00e1m m\u016f\u017eete prost\u0159ednictv\u00edm webov\u00fdch str\u00e1nek poskytnout. Toto prohl\u00e1\u0161en\u00ed o ochran\u011b osobn\u00edch \u00fadaj\u016f (d\u00e1le jen &#8222;prohl\u00e1\u0161en\u00ed o ochran\u011b osobn\u00edch \u00fadaj\u016f&#8220;) jsme p\u0159ijali, abychom vysv\u011btlili, jak\u00e9 informace mohou b\u00fdt shroma\u017e\u010fov\u00e1ny na na\u0161ich webov\u00fdch str\u00e1nk\u00e1ch, jak tyto informace pou\u017e\u00edv\u00e1me a za jak\u00fdch okolnost\u00ed m\u016f\u017eeme tyto informace poskytnout t\u0159et\u00edm stran\u00e1m. Toto prohl\u00e1\u0161en\u00ed o ochran\u011b osobn\u00edch \u00fadaj\u016f se vztahuje pouze na informace, kter\u00e9 shroma\u017e\u010fujeme prost\u0159ednictv\u00edm webov\u00fdch str\u00e1nek, a nevztahuje se na shroma\u017e\u010fov\u00e1n\u00ed informac\u00ed z jin\u00fdch zdroj\u016f.<\/p>\n<p>Toto Prohl\u00e1\u0161en\u00ed o ochran\u011b osobn\u00edch \u00fadaj\u016f spolu s Podm\u00ednkami zve\u0159ejn\u011bn\u00fdmi na na\u0161ich webov\u00fdch str\u00e1nk\u00e1ch stanov\u00ed obecn\u00e1 pravidla a z\u00e1sady t\u00fdkaj\u00edc\u00ed se pou\u017e\u00edv\u00e1n\u00ed na\u0161ich webov\u00fdch str\u00e1nek. V z\u00e1vislosti na va\u0161ich aktivit\u00e1ch p\u0159i n\u00e1v\u0161t\u011bv\u011b na\u0161ich webov\u00fdch str\u00e1nek m\u016f\u017eete b\u00fdt nuceni souhlasit s dal\u0161\u00edmi podm\u00ednkami slu\u017eby.<\/p>\n<h2>N\u00e1v\u0161t\u011bvn\u00edci webov\u00fdch str\u00e1nek<\/h2>\n<p>Stejn\u011b jako v\u011bt\u0161ina provozovatel\u016f webov\u00fdch str\u00e1nek shroma\u017e\u010fuje PFA Tube Shop neosobn\u00ed identifika\u010dn\u00ed informace, kter\u00e9 obvykle poskytuj\u00ed webov\u00e9 prohl\u00ed\u017ee\u010de a servery, jako je typ prohl\u00ed\u017ee\u010de, jazykov\u00e9 preference, odkazuj\u00edc\u00ed str\u00e1nka a datum a \u010das ka\u017ed\u00e9ho po\u017eadavku n\u00e1v\u0161t\u011bvn\u00edka. \u00da\u010delem shroma\u017e\u010fov\u00e1n\u00ed neosobn\u00edch informac\u00ed ze strany PFA Tube Shop je l\u00e9pe porozum\u011bt tomu, jak n\u00e1v\u0161t\u011bvn\u00edci PFA Tube Shop pou\u017e\u00edvaj\u00ed tyto webov\u00e9 str\u00e1nky. \u010cas od \u010dasu m\u016f\u017ee PFA Tube Shop zve\u0159ejnit neosobn\u00ed informace v souhrnn\u00e9 podob\u011b, nap\u0159\u00edklad zve\u0159ejn\u011bn\u00edm zpr\u00e1vy o trendech v pou\u017e\u00edv\u00e1n\u00ed webov\u00fdch str\u00e1nek.<\/p>\n<p>PFA Tube Shop tak\u00e9 shroma\u017e\u010fuje potenci\u00e1ln\u011b osobn\u00ed identifika\u010dn\u00ed \u00fadaje, jako jsou IP adresy p\u0159ihl\u00e1\u0161en\u00fdch u\u017eivatel\u016f a u\u017eivatel\u016f, kte\u0159\u00ed zanech\u00e1vaj\u00ed koment\u00e1\u0159e k p\u0159\u00edsp\u011bvk\u016fm na blogu https:\/\/pfatubeshop.com\/. Spole\u010dnost PFA Tube Shop zve\u0159ej\u0148uje IP adresy pouze p\u0159ihl\u00e1\u0161en\u00fdch u\u017eivatel\u016f a koment\u00e1tor\u016f za stejn\u00fdch podm\u00ednek, za jak\u00fdch pou\u017e\u00edv\u00e1 a zve\u0159ej\u0148uje n\u00ed\u017ee popsan\u00e9 osobn\u00ed identifika\u010dn\u00ed \u00fadaje.<\/p>\n<h2>Shroma\u017e\u010fov\u00e1n\u00ed osobn\u00edch \u00fadaj\u016f<\/h2>\n<p>N\u011bkte\u0159\u00ed n\u00e1v\u0161t\u011bvn\u00edci webov\u00fdch str\u00e1nek spole\u010dnosti PFA Tube Shop se rozhodnou komunikovat se spole\u010dnost\u00ed PFA Tube Shop zp\u016fsobem, kter\u00fd vy\u017eaduje, aby spole\u010dnost PFA Tube Shop shroma\u017e\u010fovala informace, kter\u00e9 ji osobn\u011b identifikuj\u00ed. Mno\u017estv\u00ed a typ informac\u00ed shroma\u017e\u010fovan\u00fdch spole\u010dnost\u00ed PFA Tube Shop z\u00e1vis\u00ed na povaze interakce. Nap\u0159\u00edklad n\u00e1v\u0161t\u011bvn\u00edky, kte\u0159\u00ed se p\u0159ihl\u00e1s\u00ed k odb\u011bru blogu na https:\/\/pfatubeshop.com\/, \u017e\u00e1d\u00e1me o zad\u00e1n\u00ed u\u017eivatelsk\u00e9ho jm\u00e9na a e-mailov\u00e9 adresy.<\/p>\n<h2>Zabezpe\u010den\u00ed<\/h2>\n<p>Bezpe\u010dnost va\u0161ich osobn\u00edch \u00fadaj\u016f je pro n\u00e1s d\u016fle\u017eit\u00e1, ale nezapome\u0148te, \u017ee \u017e\u00e1dn\u00fd zp\u016fsob p\u0159enosu p\u0159es internet ani zp\u016fsob elektronick\u00e9ho ukl\u00e1d\u00e1n\u00ed nen\u00ed 100% bezpe\u010dn\u00fd. P\u0159esto\u017ee se sna\u017e\u00edme pou\u017e\u00edvat komer\u010dn\u011b p\u0159ijateln\u00e9 prost\u0159edky k ochran\u011b va\u0161ich osobn\u00edch \u00fadaj\u016f, nem\u016f\u017eeme zaru\u010dit jejich absolutn\u00ed bezpe\u010dnost.<\/p>\n<h2>Inzer\u00e1ty<\/h2>\n<p>Reklamy zobrazovan\u00e9 na na\u0161ich webov\u00fdch str\u00e1nk\u00e1ch mohou b\u00fdt u\u017eivatel\u016fm doru\u010dov\u00e1ny reklamn\u00edmi partnery, kte\u0159\u00ed mohou nastavovat soubory cookie. Tyto soubory cookie umo\u017e\u0148uj\u00ed reklamn\u00edmu serveru rozpoznat v\u00e1\u0161 po\u010d\u00edta\u010d poka\u017ed\u00e9, kdy\u017e v\u00e1m ode\u0161le online reklamu, a shroma\u017e\u010fovat informace o v\u00e1s nebo o ostatn\u00edch u\u017eivatel\u00edch va\u0161eho po\u010d\u00edta\u010de. Tyto informace umo\u017e\u0148uj\u00ed reklamn\u00edm s\u00edt\u00edm mimo jin\u00e9 poskytovat c\u00edlen\u00e9 reklamy, o kter\u00fdch se domn\u00edvaj\u00ed, \u017ee v\u00e1s budou nejv\u00edce zaj\u00edmat. Toto prohl\u00e1\u0161en\u00ed o ochran\u011b osobn\u00edch \u00fadaj\u016f se vztahuje na pou\u017e\u00edv\u00e1n\u00ed soubor\u016f cookie spole\u010dnost\u00ed PFA Tube Shop a nevztahuje se na pou\u017e\u00edv\u00e1n\u00ed soubor\u016f cookie inzerenty.<\/p>\n<h2>Odkazy na extern\u00ed str\u00e1nky<\/h2>\n<p>Na\u0161e slu\u017eba m\u016f\u017ee obsahovat odkazy na extern\u00ed webov\u00e9 str\u00e1nky, kter\u00e9 neprovozujeme. Pokud kliknete na odkaz t\u0159et\u00ed strany, budete p\u0159esm\u011brov\u00e1ni na webov\u00e9 str\u00e1nky t\u00e9to t\u0159et\u00ed strany. Doporu\u010dujeme v\u00e1m, abyste si p\u0159e\u010detli prohl\u00e1\u0161en\u00ed o ochran\u011b osobn\u00edch \u00fadaj\u016f a smluvn\u00ed podm\u00ednky ka\u017ed\u00e9 nav\u0161t\u00edven\u00e9 str\u00e1nky.<\/p>\n<p>Nem\u00e1me \u017e\u00e1dnou kontrolu nad obsahem, z\u00e1sadami ochrany osobn\u00edch \u00fadaj\u016f nebo postupy extern\u00edch webov\u00fdch str\u00e1nek, produkt\u016f nebo slu\u017eeb a neneseme za n\u011b \u017e\u00e1dnou odpov\u011bdnost.<\/p>\n<h2>PFA Tube Shop pou\u017e\u00edv\u00e1 Google AdWords pro remarketing<\/h2>\n<p>PFA Tube Shop vyu\u017e\u00edv\u00e1 remarketingov\u00e9 slu\u017eby k inzerci na webov\u00fdch str\u00e1nk\u00e1ch t\u0159et\u00edch stran (v\u010detn\u011b spole\u010dnosti Google) n\u00e1v\u0161t\u011bvn\u00edk\u016fm, kte\u0159\u00ed ji\u017e d\u0159\u00edve nav\u0161t\u00edvili na\u0161e str\u00e1nky. To m\u016f\u017ee znamenat reklamu pro n\u00e1v\u0161t\u011bvn\u00edky, kte\u0159\u00ed na na\u0161ich str\u00e1nk\u00e1ch nedokon\u010dili \u017e\u00e1dn\u00fd \u00fakol, nap\u0159. pou\u017eili kontaktn\u00ed formul\u00e1\u0159 a polo\u017eili dotaz. To m\u016f\u017ee m\u00edt podobu reklamy na str\u00e1nce s v\u00fdsledky vyhled\u00e1v\u00e1n\u00ed Google nebo na webu v s\u00edti Google Display Network. T\u0159et\u00ed strany, v\u010detn\u011b spole\u010dnosti Google, pou\u017e\u00edvaj\u00ed soubory cookie k zobrazov\u00e1n\u00ed reklam na z\u00e1klad\u011b p\u0159edchoz\u00edch n\u00e1v\u0161t\u011bv. V\u0161echny shrom\u00e1\u017ed\u011bn\u00e9 \u00fadaje budou samoz\u0159ejm\u011b pou\u017eity v souladu s na\u0161imi z\u00e1sadami ochrany osobn\u00edch \u00fadaj\u016f a z\u00e1sadami ochrany osobn\u00edch \u00fadaj\u016f spole\u010dnosti Google.<\/p>\n<p>M\u016f\u017eete nastavit p\u0159edvolby pro zp\u016fsob, jak\u00fdm v\u00e1m spole\u010dnost Google zobrazuje reklamu prost\u0159ednictv\u00edm slu\u017eby Google Ad.\n\na pokud si p\u0159ejete, m\u016f\u017eete se z reklam zalo\u017een\u00fdch na z\u00e1jmech zcela odhl\u00e1sit prost\u0159ednictv\u00edm nastaven\u00ed soubor\u016f cookie nebo trvale pomoc\u00ed z\u00e1suvn\u00e9ho modulu prohl\u00ed\u017ee\u010de.<\/p>\n<h2>Souhrnn\u00e9 statistiky<\/h2>\n<p>PFA Tube Shop m\u016f\u017ee shroma\u017e\u010fovat statistiky o chov\u00e1n\u00ed n\u00e1v\u0161t\u011bvn\u00edk\u016f na sv\u00fdch webov\u00fdch str\u00e1nk\u00e1ch. Spole\u010dnost PFA Tube Shop m\u016f\u017ee tyto informace zobrazit ve\u0159ejn\u011b nebo je poskytnout ostatn\u00edm. Spole\u010dnost PFA Tube Shop v\u0161ak nezve\u0159ej\u0148uje \u017e\u00e1dn\u00e9 osobn\u00ed \u00fadaje o v\u00e1s.<\/p>\n<h2>Soubory cookie<\/h2>\n<p>Pro obohacen\u00ed a vylep\u0161en\u00ed va\u0161eho online z\u00e1\u017eitku pou\u017e\u00edv\u00e1 PFA Tube Shop &#8222;Cookies&#8220;, podobn\u00e9 technologie a slu\u017eby poskytovan\u00e9 jin\u00fdmi subjekty k zobrazov\u00e1n\u00ed personalizovan\u00e9ho obsahu, zobrazov\u00e1n\u00ed vhodn\u00fdch reklam a ukl\u00e1d\u00e1n\u00ed va\u0161ich preferenc\u00ed ve va\u0161em po\u010d\u00edta\u010di.<\/p>\n<p>Soubor cookie je \u0159et\u011bzec informac\u00ed, kter\u00e9 webov\u00e1 str\u00e1nka ukl\u00e1d\u00e1 v po\u010d\u00edta\u010di n\u00e1v\u0161t\u011bvn\u00edka a kter\u00e9 prohl\u00ed\u017ee\u010d n\u00e1v\u0161t\u011bvn\u00edka poskytuje webov\u00e9 str\u00e1nce p\u0159i ka\u017ed\u00e9 n\u00e1v\u0161t\u011bv\u011b webov\u00e9 str\u00e1nky. PFA Tube Shop pou\u017e\u00edv\u00e1 soubory cookie k identifikaci a sledov\u00e1n\u00ed n\u00e1v\u0161t\u011bvn\u00edk\u016f, jejich pou\u017e\u00edv\u00e1n\u00ed str\u00e1nek https:\/\/pfatubeshop.com\/ a jejich preferenc\u00ed p\u0159i p\u0159\u00edstupu na tyto str\u00e1nky. N\u00e1v\u0161t\u011bvn\u00edci obchodu s trubkami PFA, kte\u0159\u00ed si nep\u0159ej\u00ed, aby se na jejich po\u010d\u00edta\u010d\u00edch ukl\u00e1daly soubory cookie, by m\u011bli p\u0159ed pou\u017e\u00edv\u00e1n\u00edm webov\u00fdch str\u00e1nek obchodu s trubkami PFA nastavit sv\u016fj prohl\u00ed\u017ee\u010d tak, aby soubory cookie odm\u00edtal, co\u017e m\u00e1 za n\u00e1sledek, \u017ee n\u011bkter\u00e9 funkce webov\u00fdch str\u00e1nek obchodu s trubkami PFA nemus\u00ed bez pomoci soubor\u016f cookie spr\u00e1vn\u011b fungovat.<\/p>\n<p>Pokra\u010dov\u00e1n\u00edm v pou\u017e\u00edv\u00e1n\u00ed na\u0161ich webov\u00fdch str\u00e1nek beze zm\u011bny nastaven\u00ed soubor\u016f cookie berete na v\u011bdom\u00ed a souhlas\u00edte s pou\u017e\u00edv\u00e1n\u00edm soubor\u016f cookie spole\u010dnost\u00ed PFA Tube Shop.<\/p>\n<h2>E-commerce<\/h2>\n<p>Ti, kte\u0159\u00ed vstupuj\u00ed do transakc\u00ed s PFA Tube Shop &#8211; n\u00e1kupem slu\u017eeb nebo produkt\u016f PFA Tube Shop, jsou po\u017e\u00e1d\u00e1ni o poskytnut\u00ed dal\u0161\u00edch informac\u00ed, v\u010detn\u011b osobn\u00edch a finan\u010dn\u00edch \u00fadaj\u016f pot\u0159ebn\u00fdch ke zpracov\u00e1n\u00ed t\u011bchto transakc\u00ed. V ka\u017ed\u00e9m p\u0159\u00edpad\u011b spole\u010dnost PFA Tube Shop shroma\u017e\u010fuje tyto informace pouze v rozsahu, kter\u00fd je nezbytn\u00fd nebo vhodn\u00fd pro spln\u011bn\u00ed \u00fa\u010delu interakce n\u00e1v\u0161t\u011bvn\u00edka se spole\u010dnost\u00ed PFA Tube Shop. Spole\u010dnost PFA Tube Shop zve\u0159ej\u0148uje osobn\u00ed \u00fadaje pouze zp\u016fsobem popsan\u00fdm n\u00ed\u017ee. N\u00e1v\u0161t\u011bvn\u00edci mohou v\u017edy odm\u00edtnout poskytnout osobn\u00ed \u00fadaje s t\u00edm, \u017ee jim to m\u016f\u017ee zabr\u00e1nit v \u00fa\u010dasti na n\u011bkter\u00fdch \u010dinnostech souvisej\u00edc\u00edch s webov\u00fdmi str\u00e1nkami.<\/p>\n<h2>Zm\u011bny z\u00e1sad ochrany osobn\u00edch \u00fadaj\u016f<\/h2>\n<p>A\u010dkoli v\u011bt\u0161ina zm\u011bn bude pravd\u011bpodobn\u011b nepodstatn\u00e1, PFA Tube Shop m\u016f\u017ee sv\u00e9 Prohl\u00e1\u0161en\u00ed o ochran\u011b osobn\u00edch \u00fadaj\u016f \u010das od \u010dasu zm\u011bnit, a to na z\u00e1klad\u011b vlastn\u00edho uv\u00e1\u017een\u00ed. PFA Tube Shop doporu\u010duje n\u00e1v\u0161t\u011bvn\u00edk\u016fm, aby \u010dasto kontrolovali tuto str\u00e1nku kv\u016fli zm\u011bn\u00e1m z\u00e1sad ochrany osobn\u00edch \u00fadaj\u016f. Dal\u0161\u00ed pou\u017e\u00edv\u00e1n\u00ed t\u011bchto str\u00e1nek po zm\u011bn\u011b t\u011bchto z\u00e1sad ochrany osobn\u00edch \u00fadaj\u016f znamen\u00e1, \u017ee s touto zm\u011bnou souhlas\u00edte.<\/p>\n<h2>Kreditn\u00ed a kontaktn\u00ed \u00fadaje<\/h2>\nPokud m\u00e1te jak\u00e9koli dotazy t\u00fdkaj\u00edc\u00ed se na\u0161ich z\u00e1sad ochrany osobn\u00edch \u00fadaj\u016f, kontaktujte n\u00e1s pros\u00edm <a href=\"mailto:info@pfatubeshop.com\">e-mailem<\/a> nebo <a href=\"tel:+312076202%2076%\">telefonicky<\/a>.\n","protected":false},"excerpt":{"rendered":"<p>V\u00edtejte v na\u0161em prohl\u00e1\u0161en\u00ed o ochran\u011b osobn\u00edch \u00fadaj\u016f Va\u0161e soukrom\u00ed je pro n\u00e1s d\u016fle\u017eit\u00e9 Prodejna trubek PFA se nach\u00e1z\u00ed na adrese: Obchod s trubkami PFABaarschot 20B Breda4817 ZZ &#8211; Severn\u00ed Brabantsko, Nizozemsko+31 76 201 1487 Z\u00e1sadou spole\u010dnosti PFA Tube Shop je respektovat va\u0161e soukrom\u00ed, pokud jde o ve\u0161ker\u00e9 informace, kter\u00e9 m\u016f\u017eeme shrom\u00e1\u017edit p\u0159i pou\u017e\u00edv\u00e1n\u00ed na\u0161ich [&hellip;]<\/p>\n","protected":false},"author":2,"featured_media":0,"parent":0,"menu_order":0,"comment_status":"closed","ping_status":"open","template":"","meta":{"footnotes":""},"class_list":["post-47788","page","type-page","status-publish","hentry"],"_links":{"self":[{"href":"https:\/\/pfatubeshop.com\/cs\/wp-json\/wp\/v2\/pages\/47788","targetHints":{"allow":["GET"]}}],"collection":[{"href":"https:\/\/pfatubeshop.com\/cs\/wp-json\/wp\/v2\/pages"}],"about":[{"href":"https:\/\/pfatubeshop.com\/cs\/wp-json\/wp\/v2\/types\/page"}],"author":[{"embeddable":true,"href":"https:\/\/pfatubeshop.com\/cs\/wp-json\/wp\/v2\/users\/2"}],"replies":[{"embeddable":true,"href":"https:\/\/pfatubeshop.com\/cs\/wp-json\/wp\/v2\/comments?post=47788"}],"version-history":[{"count":0,"href":"https:\/\/pfatubeshop.com\/cs\/wp-json\/wp\/v2\/pages\/47788\/revisions"}],"wp:attachment":[{"href":"https:\/\/pfatubeshop.com\/cs\/wp-json\/wp\/v2\/media?parent=47788"}],"curies":[{"name":"wp","href":"https:\/\/api.w.org\/{rel}","templated":true}]}}