{"id":47765,"date":"2024-06-07T12:33:06","date_gmt":"2024-06-07T10:33:06","guid":{"rendered":"https:\/\/pfatubeshop.com\/navrat-na\/"},"modified":"2024-06-07T12:33:09","modified_gmt":"2024-06-07T10:33:09","slug":"navrat-na","status":"publish","type":"page","link":"https:\/\/pfatubeshop.com\/cs\/navrat-na\/","title":{"rendered":"N\u00e1vrat na"},"content":{"rendered":"\n<p><strong>Mohu sv\u00e9 zbo\u017e\u00ed vr\u00e1tit?<\/strong><\/p>\n\n<p>Pou\u017e\u00edv\u00e1me 2 kategorie, kusy \u0159ezan\u00e9 na m\u00edru a cel\u00e9 role.<\/p>\n\n<p>P\u0159evzato z <strong>\n  <em>kusy \u0159ezan\u00e9 na m\u00edru<\/em>\n<\/strong> nelze v z\u00e1sad\u011b vr\u00e1tit. Ty v\u00e1m budou p\u0159izp\u016fsobeny na m\u00edru. V\u00fdjimkou jsou p\u0159\u00edpady, kdy je dod\u00e1na nespr\u00e1vn\u00e1 d\u00e9lka nebo nespr\u00e1vn\u00fd pr\u016fm\u011br.<\/p>\n\n<p>Pro <strong>\n  <em>pln\u00e9 rohl\u00edky<\/em>\n<\/strong> mohou b\u00fdt vr\u00e1ceny. Na to se vztahuje z\u00e1konn\u00e1 lh\u016fta 14 dn\u016f od obdr\u017een\u00ed. Cel\u00e9 role jsou dlouh\u00e9 50 metr\u016f nebo jejich n\u00e1sobky.<\/p>\n\n<p><strong>Je vr\u00e1cen\u00ed zdarma?<\/strong><\/p>\n\n<p>Ne, n\u00e1klady na vr\u00e1cen\u00ed zbo\u017e\u00ed nese kupuj\u00edc\u00ed.<\/p>\n\n<p><strong>Kdy dostanu pen\u00edze zp\u011bt?<\/strong><\/p>\n\n<p>Po obdr\u017een\u00ed a p\u0159ijet\u00ed vr\u00e1cen\u00e9ho zbo\u017e\u00ed v\u00e1m do 5 pracovn\u00edch dn\u016f vr\u00e1t\u00edme vr\u00e1cenou \u010d\u00e1stku.<\/p>\n\n<p><strong>Mohu objedn\u00e1vku zru\u0161it?<\/strong><\/p>\n\n<p>Ano, m\u016f\u017eete, pokud polo\u017eka nebyla odesl\u00e1na nebo zkr\u00e1cena na m\u00edru, m\u016f\u017eete ji zru\u0161it. Pracujeme v\u0161ak rychlost\u00ed blesku, tak\u017ee v tomto p\u0159\u00edpad\u011b je nejvhodn\u011bj\u0161\u00ed n\u00e1s kontaktovat telefonicky.<\/p>\n","protected":false},"excerpt":{"rendered":"<p>Mohu sv\u00e9 zbo\u017e\u00ed vr\u00e1tit? Pou\u017e\u00edv\u00e1me 2 kategorie, kusy \u0159ezan\u00e9 na m\u00edru a cel\u00e9 role. P\u0159evzato z kusy \u0159ezan\u00e9 na m\u00edru nelze v z\u00e1sad\u011b vr\u00e1tit. Ty v\u00e1m budou p\u0159izp\u016fsobeny na m\u00edru. V\u00fdjimkou jsou p\u0159\u00edpady, kdy je dod\u00e1na nespr\u00e1vn\u00e1 d\u00e9lka nebo nespr\u00e1vn\u00fd pr\u016fm\u011br. Pro pln\u00e9 rohl\u00edky mohou b\u00fdt vr\u00e1ceny. Na to se vztahuje z\u00e1konn\u00e1 lh\u016fta 14 dn\u016f [&hellip;]<\/p>\n","protected":false},"author":2,"featured_media":0,"parent":0,"menu_order":0,"comment_status":"closed","ping_status":"closed","template":"","meta":{"footnotes":""},"class_list":["post-47765","page","type-page","status-publish","hentry"],"_links":{"self":[{"href":"https:\/\/pfatubeshop.com\/cs\/wp-json\/wp\/v2\/pages\/47765","targetHints":{"allow":["GET"]}}],"collection":[{"href":"https:\/\/pfatubeshop.com\/cs\/wp-json\/wp\/v2\/pages"}],"about":[{"href":"https:\/\/pfatubeshop.com\/cs\/wp-json\/wp\/v2\/types\/page"}],"author":[{"embeddable":true,"href":"https:\/\/pfatubeshop.com\/cs\/wp-json\/wp\/v2\/users\/2"}],"replies":[{"embeddable":true,"href":"https:\/\/pfatubeshop.com\/cs\/wp-json\/wp\/v2\/comments?post=47765"}],"version-history":[{"count":0,"href":"https:\/\/pfatubeshop.com\/cs\/wp-json\/wp\/v2\/pages\/47765\/revisions"}],"wp:attachment":[{"href":"https:\/\/pfatubeshop.com\/cs\/wp-json\/wp\/v2\/media?parent=47765"}],"curies":[{"name":"wp","href":"https:\/\/api.w.org\/{rel}","templated":true}]}}