{"id":47743,"date":"2024-06-07T12:32:35","date_gmt":"2024-06-07T10:32:35","guid":{"rendered":"https:\/\/pfatubeshop.com\/zadost-o-cenovou-nabidku-diky\/"},"modified":"2024-06-07T12:32:35","modified_gmt":"2024-06-07T10:32:35","slug":"zadost-o-cenovou-nabidku-diky","status":"publish","type":"page","link":"https:\/\/pfatubeshop.com\/cs\/zadost-o-cenovou-nabidku-diky\/","title":{"rendered":"\u017d\u00e1dost o cenovou nab\u00eddku d\u00edky"},"content":{"rendered":"<p>D\u011bkujeme za \u017e\u00e1dost, co nejd\u0159\u00edve v\u00e1s budeme kontaktovat a nab\u00eddneme v\u00e1m dal\u0161\u00ed mo\u017enosti.<\/p>\n","protected":false},"excerpt":{"rendered":"<p>D\u011bkujeme za \u017e\u00e1dost, co nejd\u0159\u00edve v\u00e1s budeme kontaktovat a nab\u00eddneme v\u00e1m dal\u0161\u00ed mo\u017enosti.<\/p>\n","protected":false},"author":2,"featured_media":0,"parent":0,"menu_order":0,"comment_status":"closed","ping_status":"closed","template":"","meta":{"footnotes":""},"class_list":["post-47743","page","type-page","status-publish","hentry"],"_links":{"self":[{"href":"https:\/\/pfatubeshop.com\/cs\/wp-json\/wp\/v2\/pages\/47743","targetHints":{"allow":["GET"]}}],"collection":[{"href":"https:\/\/pfatubeshop.com\/cs\/wp-json\/wp\/v2\/pages"}],"about":[{"href":"https:\/\/pfatubeshop.com\/cs\/wp-json\/wp\/v2\/types\/page"}],"author":[{"embeddable":true,"href":"https:\/\/pfatubeshop.com\/cs\/wp-json\/wp\/v2\/users\/2"}],"replies":[{"embeddable":true,"href":"https:\/\/pfatubeshop.com\/cs\/wp-json\/wp\/v2\/comments?post=47743"}],"version-history":[{"count":0,"href":"https:\/\/pfatubeshop.com\/cs\/wp-json\/wp\/v2\/pages\/47743\/revisions"}],"wp:attachment":[{"href":"https:\/\/pfatubeshop.com\/cs\/wp-json\/wp\/v2\/media?parent=47743"}],"curies":[{"name":"wp","href":"https:\/\/api.w.org\/{rel}","templated":true}]}}