{"id":47627,"date":"2024-06-07T12:26:05","date_gmt":"2024-06-07T10:26:05","guid":{"rendered":"https:\/\/pfatubeshop.com\/kosik\/"},"modified":"2024-06-07T12:26:06","modified_gmt":"2024-06-07T10:26:06","slug":"kosik","status":"publish","type":"page","link":"https:\/\/pfatubeshop.com\/cs\/kosik\/","title":{"rendered":"Ko\u0161\u00edk"},"content":{"rendered":"\t\t<div data-elementor-type=\"wp-page\" data-elementor-id=\"47627\" class=\"elementor elementor-47627 elementor-10\" data-elementor-post-type=\"page\">\n\t\t\t\t<div class=\"elementor-element elementor-element-fb01104 e-flex e-con-boxed e-con e-parent\" data-id=\"fb01104\" data-element_type=\"container\" data-e-type=\"container\">\n\t\t\t\t\t<div class=\"e-con-inner\">\n\t\t\t\t\t<\/div>\n\t\t\t\t<\/div>\n\t\t<div class=\"elementor-element elementor-element-408614b e-flex e-con-boxed e-con e-parent\" data-id=\"408614b\" data-element_type=\"container\" data-e-type=\"container\">\n\t\t\t\t\t<div class=\"e-con-inner\">\n\t\t\t\t<div class=\"elementor-element elementor-element-422e42c elementor-widget elementor-widget-text-editor\" data-id=\"422e42c\" data-element_type=\"widget\" data-e-type=\"widget\" data-widget_type=\"text-editor.default\">\n\t\t\t\t<div class=\"elementor-widget-container\">\n\t\t\t\t\t\t\t\t\t<h2> <\/h2>\n<h2 class=\"elementor-heading-title elementor-size-default\" style=\"text-align: center;\"><strong>Kupte si hadici PFA s t\u011bmito 8 v\u00fdhodami<\/strong><\/h2>\n<\/p>\n<ol>\n<li>Rychl\u00e1 a efektivn\u00ed <strong>doprava do 1 pracovn\u00edho dne<\/strong><\/li>\n<li>Pr\u00e9miov\u00e1 kvalita s <strong>p\u0159\u00edsn\u00fdmi tolerancemi<\/strong><\/li>\n<li>D\u00e9lky <strong>od 1 metru<\/strong><\/li>\n<li>Skladov\u00e9 z\u00e1soby pro konkr\u00e9tn\u00edho z\u00e1kazn\u00edka a dod\u00e1vky Just-in-Time<\/li>\n<li>Fakturace na \u00fa\u010det<\/li>\n<li>Glob\u00e1ln\u00ed doru\u010den\u00ed<\/li>\n<li>Udr\u017eitelnost a <strong>sni\u017eov\u00e1n\u00ed emis\u00ed CO2<\/strong><\/li>\n<li><strong>Ostr\u00e9 ceny<\/strong><\/li>\n<\/ol>\n\t\t\t\t\t\t\t\t<\/div>\n\t\t\t\t<\/div>\n\t\t\t\t\t<\/div>\n\t\t\t\t<\/div>\n\t\t\t\t<\/div>\n\t\t","protected":false},"excerpt":{"rendered":"<p>Kupte si hadici PFA s t\u011bmito 8 v\u00fdhodami Rychl\u00e1 a efektivn\u00ed doprava do 1 pracovn\u00edho dne Pr\u00e9miov\u00e1 kvalita s p\u0159\u00edsn\u00fdmi tolerancemi D\u00e9lky od 1 metru Skladov\u00e9 z\u00e1soby pro konkr\u00e9tn\u00edho z\u00e1kazn\u00edka a dod\u00e1vky Just-in-Time Fakturace na \u00fa\u010det Glob\u00e1ln\u00ed doru\u010den\u00ed Udr\u017eitelnost a sni\u017eov\u00e1n\u00ed emis\u00ed CO2 Ostr\u00e9 ceny<\/p>\n","protected":false},"author":2,"featured_media":0,"parent":0,"menu_order":0,"comment_status":"closed","ping_status":"closed","template":"","meta":{"footnotes":""},"class_list":["post-47627","page","type-page","status-publish","hentry"],"_links":{"self":[{"href":"https:\/\/pfatubeshop.com\/cs\/wp-json\/wp\/v2\/pages\/47627","targetHints":{"allow":["GET"]}}],"collection":[{"href":"https:\/\/pfatubeshop.com\/cs\/wp-json\/wp\/v2\/pages"}],"about":[{"href":"https:\/\/pfatubeshop.com\/cs\/wp-json\/wp\/v2\/types\/page"}],"author":[{"embeddable":true,"href":"https:\/\/pfatubeshop.com\/cs\/wp-json\/wp\/v2\/users\/2"}],"replies":[{"embeddable":true,"href":"https:\/\/pfatubeshop.com\/cs\/wp-json\/wp\/v2\/comments?post=47627"}],"version-history":[{"count":0,"href":"https:\/\/pfatubeshop.com\/cs\/wp-json\/wp\/v2\/pages\/47627\/revisions"}],"wp:attachment":[{"href":"https:\/\/pfatubeshop.com\/cs\/wp-json\/wp\/v2\/media?parent=47627"}],"curies":[{"name":"wp","href":"https:\/\/api.w.org\/{rel}","templated":true}]}}