{"id":47596,"date":"2024-06-07T12:23:43","date_gmt":"2024-06-07T10:23:43","guid":{"rendered":"https:\/\/pfatubeshop.com\/moznosti-platby\/"},"modified":"2026-03-25T12:39:18","modified_gmt":"2026-03-25T11:39:18","slug":"moznosti-platby","status":"publish","type":"page","link":"https:\/\/pfatubeshop.com\/cs\/moznosti-platby\/","title":{"rendered":"Mo\u017enosti platby"},"content":{"rendered":"\n<p>K bezpe\u010dn\u00e9 platb\u011b online pou\u017e\u00edv\u00e1me n\u00e1sleduj\u00edc\u00ed mo\u017enosti:<\/p>\n\n<ul class=\"wp-block-list\">\n<li>iDEAL | Wero<\/li>\n\n\n\n<li>Kreditn\u00ed karta<\/li>\n\n\n\n<li>P\u0159enos Sepa<\/li>\n\n\n\n<li>Belfius Direct<\/li>\n\n\n\n<li>PayPal<\/li>\n<\/ul>\n\n<p>V\u0161echny tyto platby prob\u00edhaj\u00ed prost\u0159ednictv\u00edm na\u0161eho platebn\u00edho partnera Mollie, kter\u00fd zaru\u010duje bezpe\u010dn\u00e9 a jednoduch\u00e9 platebn\u00ed \u0159e\u0161en\u00ed.<\/p>\n\n<p><strong>Platba na \u00fa\u010det:<\/strong><\/p>\n\n<p>Mo\u017en\u00e1 m\u00e1 va\u0161e spole\u010dnost n\u00e1rok na dod\u00e1n\u00ed na \u00fa\u010det. Pokud chcete platit na \u00fa\u010det, m\u016f\u017eeme v\u00e1m otev\u0159\u00edt \u00fa\u010det s 30denn\u00edm kreditem. Na z\u00e1klad\u011b v\u00fdsledku kontroly \u00fav\u011bruschopnosti bude rozhodnuto, zda je to mo\u017en\u00e9 i pro va\u0161i organizaci.<\/p>\n\n<p>Vra\u0165te pros\u00edm n\u00e1sleduj\u00edc\u00ed soubor: Vypln\u011bn\u00e1 a podepsan\u00e1 <a href=\"https:\/\/pfatubeshop.com\/wp-content\/uploads\/2019\/11\/PTFE-op-rekening.docx\">platba na \u00fa\u010det<\/a> na adresu <a href=\"mailto:info@pfatubeshop.com\">info@pfatubeshop.com<\/a>.<\/p>\n\n<p>V p\u0159\u00edpad\u011b nal\u00e9hav\u00fdch p\u0159\u00edpad\u016f doporu\u010dujeme zaplatit prvn\u00ed objedn\u00e1vku online, proto\u017ee schv\u00e1len\u00ed trv\u00e1 1 a\u017e 2 dny.<\/p>\n\n<p><strong>Faktura<\/strong><\/p>\n\n<p>Ke ka\u017ed\u00e9 dod\u00e1vce bude p\u0159ilo\u017eena spr\u00e1vn\u00e1 faktura. Krom\u011b toho je faktura zas\u00edl\u00e1na tak\u00e9 e-mailem. Pokud v\u00e1m to nen\u00ed zcela jasn\u00e9, m\u016f\u017eete se na n\u00e1s samoz\u0159ejm\u011b kdykoli obr\u00e1tit.<\/p>\n\n<p><strong>Osvobozen\u00ed od DPH<\/strong><\/p>\n\n<p>Obchodn\u00ed dod\u00e1vky do zahrani\u010d\u00ed mohou b\u00fdt \u010dasto osvobozeny od dan\u011b z obratu.N\u00e1\u0161 online objedn\u00e1vkov\u00fd syst\u00e9m to tak\u00e9 umo\u017e\u0148uje.<\/p>\n\n<p>Pokud p\u0159i odhla\u0161ov\u00e1n\u00ed uvedete spr\u00e1vn\u00e9 \u010d\u00edslo V.A.T., syst\u00e9m automaticky ur\u010d\u00ed, zda m\u00e1 b\u00fdt V.A.T. \u00fa\u010dtov\u00e1no.<\/p>\n","protected":false},"excerpt":{"rendered":"<p>K bezpe\u010dn\u00e9 platb\u011b online pou\u017e\u00edv\u00e1me n\u00e1sleduj\u00edc\u00ed mo\u017enosti: V\u0161echny tyto platby prob\u00edhaj\u00ed prost\u0159ednictv\u00edm na\u0161eho platebn\u00edho partnera Mollie, kter\u00fd zaru\u010duje bezpe\u010dn\u00e9 a jednoduch\u00e9 platebn\u00ed \u0159e\u0161en\u00ed. Platba na \u00fa\u010det: Mo\u017en\u00e1 m\u00e1 va\u0161e spole\u010dnost n\u00e1rok na dod\u00e1n\u00ed na \u00fa\u010det. Pokud chcete platit na \u00fa\u010det, m\u016f\u017eeme v\u00e1m otev\u0159\u00edt \u00fa\u010det s 30denn\u00edm kreditem. Na z\u00e1klad\u011b v\u00fdsledku kontroly \u00fav\u011bruschopnosti bude rozhodnuto, zda [&hellip;]<\/p>\n","protected":false},"author":2,"featured_media":0,"parent":0,"menu_order":0,"comment_status":"closed","ping_status":"closed","template":"","meta":{"footnotes":""},"class_list":["post-47596","page","type-page","status-publish","hentry"],"_links":{"self":[{"href":"https:\/\/pfatubeshop.com\/cs\/wp-json\/wp\/v2\/pages\/47596","targetHints":{"allow":["GET"]}}],"collection":[{"href":"https:\/\/pfatubeshop.com\/cs\/wp-json\/wp\/v2\/pages"}],"about":[{"href":"https:\/\/pfatubeshop.com\/cs\/wp-json\/wp\/v2\/types\/page"}],"author":[{"embeddable":true,"href":"https:\/\/pfatubeshop.com\/cs\/wp-json\/wp\/v2\/users\/2"}],"replies":[{"embeddable":true,"href":"https:\/\/pfatubeshop.com\/cs\/wp-json\/wp\/v2\/comments?post=47596"}],"version-history":[{"count":2,"href":"https:\/\/pfatubeshop.com\/cs\/wp-json\/wp\/v2\/pages\/47596\/revisions"}],"predecessor-version":[{"id":49538,"href":"https:\/\/pfatubeshop.com\/cs\/wp-json\/wp\/v2\/pages\/47596\/revisions\/49538"}],"wp:attachment":[{"href":"https:\/\/pfatubeshop.com\/cs\/wp-json\/wp\/v2\/media?parent=47596"}],"curies":[{"name":"wp","href":"https:\/\/api.w.org\/{rel}","templated":true}]}}