{"id":47566,"date":"2024-06-07T12:22:20","date_gmt":"2024-06-07T10:22:20","guid":{"rendered":"https:\/\/pfatubeshop.com\/objednavani-a-dodani-f-a-q\/"},"modified":"2024-06-07T12:22:21","modified_gmt":"2024-06-07T10:22:21","slug":"objednavani-a-dodani-f-a-q","status":"publish","type":"page","link":"https:\/\/pfatubeshop.com\/cs\/objednavani-a-dodani-f-a-q\/","title":{"rendered":"Objedn\u00e1v\u00e1n\u00ed a dod\u00e1n\u00ed &#8211; F.A.Q."},"content":{"rendered":"\n<p><strong>Kdy obdr\u017e\u00edm svou objedn\u00e1vku?<\/strong><\/p>\n\n<p>Va\u0161i objedn\u00e1vku se sna\u017e\u00edme odeslat do 24 hodin po obdr\u017een\u00ed platby, pokud je skladem. V z\u00e1vislosti na zemi doru\u010den\u00ed se p\u0159id\u00e1v\u00e1 n\u011bkolik dn\u00ed doru\u010den\u00ed. Po odesl\u00e1n\u00ed z\u00e1silky obdr\u017e\u00edte sledovac\u00ed k\u00f3d, kter\u00fd v\u00e1m umo\u017en\u00ed z\u00e1silku sledovat.<\/p>\n\n<p><strong>Jak\u00e9 jsou n\u00e1klady na mal\u00e9 objedn\u00e1vky?<\/strong><\/p>\n\n<p>Na objedn\u00e1vky men\u0161\u00ed ne\u017e 20 eur se vztahuje poplatek 10 eur za malou objedn\u00e1vku. Tip: \u010dasto je v\u00fdhodn\u00e9 objednat si jich o n\u011bco v\u00edce, aby odpadly.<\/p>\n\n<p><strong>Za jak dlouho obdr\u017e\u00edm svou objedn\u00e1vku?<\/strong><\/p>\n\n<p>Z\u00e1silky v r\u00e1mci Evropy jsou obvykle zas\u00edl\u00e1ny spole\u010dnost\u00ed GLS. V\u0161echny ob\u00e1lky a bal\u00edky mimo Evropu s Postnl.<\/p>\n\n<p>Zde si m\u016f\u017eete prohl\u00e9dnout aktu\u00e1ln\u00ed dodac\u00ed lh\u016fty podle dopravce:<\/p>\n\n<ul class=\"wp-block-list\">\n<li><a href=\"https:\/\/gls-group.eu\/NL\/nl\/verzendinformatie\/verzenden-binnen-de-eu\" target=\"_blank\" rel=\"noreferrer noopener\">GLS<\/a><\/li>\n\n\n\n<li><a href=\"https:\/\/www.postnl.nl\/versturen\/pakket-versturen\/pakket-buitenland\/bezorgtijd-naar-buitenland\/\" target=\"_blank\" rel=\"noreferrer noopener\">PostNL<\/a><\/li>\n<\/ul>\n\n<p><strong>Pot\u0159ebuji obdr\u017eet z\u00e1silku rychleji, je to mo\u017en\u00e9?<\/strong><\/p>\n\n<p>Pokud chcete z\u00e1silku obdr\u017eet rychleji, m\u016f\u017eeme ji rezervovat prost\u0159ednictv\u00edm jin\u00fdch, rychlej\u0161\u00edch logistick\u00fdch partner\u016f nebo na \u010d\u00edslo \u00fa\u010dtu va\u0161eho dopravce. Ve\u0161ker\u00e9 dal\u0161\u00ed n\u00e1klady nese kupuj\u00edc\u00ed.<\/p>\n\n<p><strong>Jak drah\u00e9 je doru\u010den\u00ed?<\/strong><\/p>\n\n<p>V r\u00e1mci Evropsk\u00e9 unie uplat\u0148ujeme pevn\u00e9 n\u00edzk\u00e9 sazby. Nez\u00e1le\u017e\u00ed na tom, zda zad\u00e1te malou nebo velmi velkou objedn\u00e1vku.<\/p>\n\n<figure class=\"wp-block-table\"><table><tbody><tr><td>Nizozemsko<\/td><td>  \u20ac 6,25<\/td><td><\/td><td>Irsko<\/td><td>  \u20ac 16,95<\/td><td><\/td><td>Ma\u010farsko<\/td><td>  \u20ac 22,50<\/td><\/tr><tr><td>Belgie<\/td><td>  \u20ac 7,50<\/td><td><\/td><td>It\u00e1lie<\/td><td>  \u20ac 16,95<\/td><td><\/td><td>Chorvatsko<\/td><td>  \u20ac 22,50<\/td><\/tr><tr><td>N\u011bmecko<\/td><td>  \u20ac 8,70<\/td><td><\/td><td>Polsko<\/td><td>  \u20ac 16,95<\/td><td><\/td><td>Loty\u0161sko<\/td><td>  \u20ac 22,50<\/td><\/tr><tr><td>D\u00e1nsko<\/td><td>  \u20ac 12,50<\/td><td><\/td><td>Portugalsko<\/td><td>  \u20ac 16,95<\/td><td><\/td><td>Litva<\/td><td>  \u20ac 22,50<\/td><\/tr><tr><td>Francie<\/td><td>  \u20ac 12,50<\/td><td><\/td><td>\u0160pan\u011blsko<\/td><td>  \u20ac 16,95<\/td><td><\/td><td>Rumunsko<\/td><td>  \u20ac 22,50<\/td><\/tr><tr><td>Lucembursko<\/td><td>  \u20ac 12,50<\/td><td><\/td><td>\u0160v\u00e9dsko<\/td><td>  \u20ac 22,50<\/td><td><\/td><td>Slovinsko<\/td><td>  \u20ac 22,50<\/td><\/tr><tr><td>Rakousko<\/td><td>  \u20ac 12,50<\/td><td><\/td><td>Bulharsko<\/td><td>  \u20ac 22,50<\/td><td><\/td><td>Slovensko<\/td><td>  \u20ac 22,50<\/td><\/tr><tr><td>Spojen\u00e9 kr\u00e1lovstv\u00ed<\/td><td>  \u20ac 12,50<\/td><td><\/td><td>Estonsko<\/td><td>  \u20ac 22,50<\/td><td><\/td><td>\u010cesk\u00e1 republika<\/td><td>  \u20ac 22,50<\/td><\/tr><tr><td>Finsko<\/td><td>  \u20ac 16,95<\/td><td><\/td><td><\/td><td><\/td><td><\/td><td><\/td><td><\/td><\/tr><\/tbody><\/table><\/figure>\n\n<p>Mimo Evropskou unii se poplatky za doru\u010den\u00ed po\u010d\u00edtaj\u00ed podle hmotnosti:<\/p>\n\n<figure class=\"wp-block-table\"><table><tbody><tr><td>0 a\u017e 999 gr<\/td><td>  \u20ac 50,00<\/td><td><\/td><td>8 kg a\u017e 8999 gr<\/td><td>  \u20ac 103,00<\/td><\/tr><tr><td>1 kg a\u017e 1999 gr<\/td><td>  \u20ac 55,00<\/td><td><\/td><td>9 kg. a\u017e 9999 gr<\/td><td>  \u20ac 107,00<\/td><\/tr><tr><td>2 kg a\u017e 2999 gr<\/td><td>  \u20ac 60,00<\/td><td><\/td><td>10 kg a\u017e 10999 gr<\/td><td>  \u20ac 117,00<\/td><\/tr><tr><td>3 kg a\u017e 3999 gr<\/td><td>  \u20ac 65,00<\/td><td><\/td><td>11 kg a\u017e 11999 gr<\/td><td>  \u20ac 122,00<\/td><\/tr><tr><td>4 kg a\u017e 4999 gr<\/td><td>  \u20ac 73,80<\/td><td><\/td><td>12 kg a\u017e 12999 gr<\/td><td>  \u20ac 135,00<\/td><\/tr><tr><td>5 kg a\u017e 5999 gr<\/td><td>  \u20ac 78,00<\/td><td><\/td><td>13 kg do 13999 gr<\/td><td>  \u20ac 137,00<\/td><\/tr><tr><td>6 kg a\u017e 6999 gr<\/td><td>  \u20ac 84,00<\/td><td><\/td><td>14 kg a\u017e 14999 gr<\/td><td>  \u20ac 142,00<\/td><\/tr><tr><td>7 kg a\u017e 7999 gr<\/td><td>  \u20ac 93,00<\/td><td><\/td><td>15 kg a\u017e 15999 gr<\/td><td>  \u20ac 148,00<\/td><\/tr><\/tbody><\/table><\/figure>\n\n<p><strong>Cht\u011bl bych si objednat, ale mus\u00ed to b\u00fdt na \u00fa\u010det?<\/strong><\/p>\n\n<p>To obecn\u011b nen\u00ed probl\u00e9m. Na z\u00e1klad\u011b kontroly \u00fav\u011bruschopnosti zjist\u00edme, zda jsme schopni dodat zbo\u017e\u00ed na \u00fa\u010det. Pokud je tato \u017e\u00e1dost schv\u00e1lena, obdr\u017e\u00edte jednodu\u0161e \u00fa\u010det, kter\u00fd je t\u0159eba do 30 dn\u016f zaplatit. Po\u0161lete n\u00e1m e-mail s \u00fadaji o sv\u00e9 firm\u011b a objedn\u00e1vkou a my v\u00e1m zalo\u017e\u00edme \u00fa\u010det!<\/p>\n\n<p><strong>Je hadice v\u017edy dod\u00e1v\u00e1na v 1 kuse?<\/strong><\/p>\n\n<p>Sna\u017e\u00edme se doru\u010dit va\u0161i objedn\u00e1vku v co nejmen\u0161\u00edm po\u010dtu kus\u016f, av\u0161ak ne v\u017edy je to mo\u017en\u00e9. M\u016f\u017ee se tedy st\u00e1t, \u017ee p\u0159i objedn\u00e1vce nap\u0159. 70 metr\u016f bude dod\u00e1n 50metrov\u00fd kus a 20metrov\u00fd kus nebo 40 + 30 metr\u016f v z\u00e1vislosti na stavu z\u00e1sob. Na\u0161e pln\u00e9 role jsou obvykle dlouh\u00e9 50 nebo 100 metr\u016f v z\u00e1vislosti na po\u017eadovan\u00e9m pr\u016fm\u011bru.<\/p>\n","protected":false},"excerpt":{"rendered":"<p>Kdy obdr\u017e\u00edm svou objedn\u00e1vku? Va\u0161i objedn\u00e1vku se sna\u017e\u00edme odeslat do 24 hodin po obdr\u017een\u00ed platby, pokud je skladem. V z\u00e1vislosti na zemi doru\u010den\u00ed se p\u0159id\u00e1v\u00e1 n\u011bkolik dn\u00ed doru\u010den\u00ed. Po odesl\u00e1n\u00ed z\u00e1silky obdr\u017e\u00edte sledovac\u00ed k\u00f3d, kter\u00fd v\u00e1m umo\u017en\u00ed z\u00e1silku sledovat. Jak\u00e9 jsou n\u00e1klady na mal\u00e9 objedn\u00e1vky? Na objedn\u00e1vky men\u0161\u00ed ne\u017e 20 eur se vztahuje poplatek 10 [&hellip;]<\/p>\n","protected":false},"author":2,"featured_media":0,"parent":0,"menu_order":0,"comment_status":"closed","ping_status":"closed","template":"","meta":{"footnotes":""},"class_list":["post-47566","page","type-page","status-publish","hentry"],"_links":{"self":[{"href":"https:\/\/pfatubeshop.com\/cs\/wp-json\/wp\/v2\/pages\/47566","targetHints":{"allow":["GET"]}}],"collection":[{"href":"https:\/\/pfatubeshop.com\/cs\/wp-json\/wp\/v2\/pages"}],"about":[{"href":"https:\/\/pfatubeshop.com\/cs\/wp-json\/wp\/v2\/types\/page"}],"author":[{"embeddable":true,"href":"https:\/\/pfatubeshop.com\/cs\/wp-json\/wp\/v2\/users\/2"}],"replies":[{"embeddable":true,"href":"https:\/\/pfatubeshop.com\/cs\/wp-json\/wp\/v2\/comments?post=47566"}],"version-history":[{"count":0,"href":"https:\/\/pfatubeshop.com\/cs\/wp-json\/wp\/v2\/pages\/47566\/revisions"}],"wp:attachment":[{"href":"https:\/\/pfatubeshop.com\/cs\/wp-json\/wp\/v2\/media?parent=47566"}],"curies":[{"name":"wp","href":"https:\/\/api.w.org\/{rel}","templated":true}]}}