{"id":45445,"date":"2023-10-31T15:03:08","date_gmt":"2023-10-31T14:03:08","guid":{"rendered":"https:\/\/pfatubeshop.com\/over-ons\/"},"modified":"2024-06-24T21:35:16","modified_gmt":"2024-06-24T19:35:16","slug":"o-nas","status":"publish","type":"page","link":"https:\/\/pfatubeshop.com\/cs\/o-nas\/","title":{"rendered":"O n\u00e1s"},"content":{"rendered":"\t\t<div data-elementor-type=\"wp-page\" data-elementor-id=\"45445\" class=\"elementor elementor-45445 elementor-35961\" data-elementor-post-type=\"page\">\n\t\t\t\t<div class=\"elementor-element elementor-element-3c847250 e-con-full e-flex e-con e-parent\" data-id=\"3c847250\" data-element_type=\"container\" data-e-type=\"container\">\n\t\t\t\t<div class=\"elementor-element elementor-element-234a7da4 elementor-widget elementor-widget-text-editor\" data-id=\"234a7da4\" data-element_type=\"widget\" data-e-type=\"widget\" data-widget_type=\"text-editor.default\">\n\t\t\t\t<div class=\"elementor-widget-container\">\n\t\t\t\t\t\t\t\t\t<h1 style=\"text-align: center;\">Specialista na potrub\u00ed a hadice PFA<\/h1>\n<\/p>\n<p>PFA Tube Shop je d\u016fkladn\u00fdm roz\u0161\u00ed\u0159en\u00edm<span style=\"text-decoration: underline;\"><a href=\"https:\/\/ptfetubeshop.com\/\" rel=\"noopener\">PT<img fetchpriority=\"high\" decoding=\"async\" class=\" wp-image-28753 alignright\" src=\"https:\/\/pfatubeshop.com\/wp-content\/uploads\/2022\/09\/Jeroen_productspecialist_PTFE-Tube-Shop-6.jpg\" alt=\"\" width=\"517\" height=\"919\" srcset=\"https:\/\/pfatubeshop.com\/wp-content\/uploads\/2022\/09\/Jeroen_productspecialist_PTFE-Tube-Shop-6.jpg 1152w, https:\/\/pfatubeshop.com\/wp-content\/uploads\/2022\/09\/Jeroen_productspecialist_PTFE-Tube-Shop-6-600x1067.jpg 600w, https:\/\/pfatubeshop.com\/wp-content\/uploads\/2022\/09\/Jeroen_productspecialist_PTFE-Tube-Shop-6-169x300.jpg 169w, https:\/\/pfatubeshop.com\/wp-content\/uploads\/2022\/09\/Jeroen_productspecialist_PTFE-Tube-Shop-6-576x1024.jpg 576w\" sizes=\"(max-width: 517px) 100vw, 517px\" \/>FE Tube Shop<\/a><\/span>, a tvo\u0159\u00ed specializovanou pobo\u010dku na\u0161\u00ed spole\u010dnosti, kter\u00e1 se zam\u011b\u0159uje v\u00fdhradn\u011b na dod\u00e1vky vysoce kvalitn\u00edch PFA trubek a hadic. Na\u0161\u00edm c\u00edlem jako specializovan\u00e9ho segmentu na\u0161\u00ed organizace je plnit pot\u0159eby na\u0161ich z\u00e1kazn\u00edk\u016f v oblasti materi\u00e1l\u016f PFA s nejvy\u0161\u0161\u00ed p\u0159esnost\u00ed a rychlost\u00ed.<\/p>\n<h3>Hadice PFA dod\u00e1van\u00e9 ze skladu:<\/h3>\n<p>M\u00e1me velk\u00e9 z\u00e1soby standardn\u00edch i vysoce kvalitn\u00edch hadic PFA. K dispozici v palcov\u00fdch a metrick\u00fdch velikostech:<\/p>\n<\/p>\n<ul>\n<li><span style=\"text-decoration: underline;\"><a href=\"https:\/\/pfatubeshop.com\/type\/standard-pfa\/?_sizing=mm\">Standardn\u00ed hadice PFA Metrick\u00e9<\/a><\/span><\/li>\n<li><span style=\"text-decoration: underline;\"><a href=\"https:\/\/pfatubeshop.com\/type\/standard-pfa\/?_sizing=mm\">Standardn\u00ed hadice PFA v palc\u00edch<\/a><\/span><\/li>\n<li><span style=\"text-decoration: underline;\"><a href=\"https:\/\/pfatubeshop.com\/type\/high-purity-pfa\/?_sizing=mm\">Hadice PFA vysok\u00e9 \u010distoty Metrick\u00e1<\/a><\/span><\/li>\n<li><span style=\"text-decoration: underline;\"><a href=\"https:\/\/pfatubeshop.com\/type\/high-purity-pfa\/?_sizing=inch\">Hadice PFA vysok\u00e9 \u010distoty v palc\u00edch<\/a><\/span><\/li>\n<\/ul>\n<h3> <\/h3>\n<h3>Pro\u010d PFA Tube Shop?<\/h3>\n<p>PFA Tube Shop je va\u0161\u00edm spolehliv\u00fdm partnerem pro vysoce kvalitn\u00ed PFA hadice:<\/p>\n<ul>\n<li><em>Hadice PFA vynikaj\u00edc\u00ed kvality a hadice PFA vysok\u00e9 \u010distoty<\/em><\/li>\n<li><em>Odesl\u00e1no do 1 pracovn\u00edho dne<\/em><\/li>\n<li><em>Dod\u00e1vka od 1 metru<\/em><\/li>\n<li><em>Snadn\u00e9 objedn\u00e1n\u00ed online nebo v p\u0159\u00edpad\u011b pot\u0159eby na \u00fa\u010det<\/em><\/li>\n<li><em>V\u00fdhodn\u00e9 ceny a \u0161irok\u00fd sortiment<\/em><\/li>\n<\/ul>\n<p>Jsme hrd\u00ed na to, \u017ee jsme si z\u00edskali va\u0161i d\u016fv\u011bru poskytov\u00e1n\u00edm v\u00fdrobk\u016f nejvy\u0161\u0161\u00ed kvality, bezkonkuren\u010dn\u00edho z\u00e1kaznick\u00e9ho servisu a efektivn\u00edch a rychl\u00fdch dod\u00e1vek. Na\u0161i produktov\u00ed specialist\u00e9 Paul a Jeroen jsou samoz\u0159ejm\u011b v\u017edy p\u0159ipraveni v\u00e1m pomoci, kdykoli m\u00e1te dotazy nebo pot\u0159ebujete technickou podporu.<\/p>\n<p>D\u00edky dlouholet\u00fdm zku\u0161enostem a hlubok\u00fdm odborn\u00fdm znalostem v oblasti pr\u00e1ce s fluoropolymery, v\u010detn\u011b PFA, rozum\u00edme jedine\u010dn\u00fdm po\u017eadavk\u016fm a v\u00fdzv\u00e1m pr\u016fmyslov\u00fdch odv\u011btv\u00ed od chemick\u00e9ho zpracov\u00e1n\u00ed a farmaceutick\u00e9ho pr\u016fmyslu a\u017e po leteck\u00fd pr\u016fmysl a v\u00fdrobu polovodi\u010d\u016f. N\u00e1\u0161 z\u00e1vazek ke kvalit\u011b se odr\u00e1\u017e\u00ed nejen v \u0161irok\u00e9m sortimentu trubek a hadic PFA s r\u016fzn\u00fdmi pr\u016fm\u011bry a tlou\u0161\u0165kami st\u011bn, ale tak\u00e9 v na\u0161\u00ed schopnosti poskytovat \u0159e\u0161en\u00ed na m\u00edru, kter\u00e1 p\u0159esn\u011b odpov\u00eddaj\u00ed specifikac\u00edm a po\u017eadavk\u016fm na\u0161ich z\u00e1kazn\u00edk\u016f.<\/p>\n<p>Ve spole\u010dnosti PFA Tube Shop uplat\u0148ujeme p\u0159\u00edstup, kter\u00fd p\u0159esahuje r\u00e1mec pouh\u00e9ho dod\u00e1v\u00e1n\u00ed v\u00fdrobk\u016f. Na\u0161i specializovan\u00ed produktov\u00ed specialist\u00e9 Paul a Jeroen jsou p\u0159ipraveni poskytnout v\u00e1m technickou podporu, poradenstv\u00ed a veden\u00ed b\u011bhem cel\u00e9ho projektu.<\/p>\n<h2>Velk\u00e9 z\u00e1soby trubek a hadic PFA<\/h2>\n<p>Ve spole\u010dnosti PFA Tube Shop se neust\u00e1le sna\u017e\u00edme m\u00edt na sklad\u011b ty spr\u00e1vn\u00e9 trubky. Pokud p\u0159esto nen\u00ed spr\u00e1vn\u00e1 hadice k dispozici, kontaktujte pros\u00edm <span style=\"text-decoration: underline;\"><a href=\"https:\/\/pfatubeshop.com\/contact\/\">kontakt<\/a><\/span>n\u00e1s, abychom v\u00e1m mohli u\u010dinit vhodnou nab\u00eddku.<\/p>\n\t\t\t\t\t\t\t\t<\/div>\n\t\t\t\t<\/div>\n\t\t\t\t<\/div>\n\t\t<div class=\"elementor-element elementor-element-9c27782 e-flex e-con-boxed e-con e-parent\" data-id=\"9c27782\" data-element_type=\"container\" data-e-type=\"container\">\n\t\t\t\t\t<div class=\"e-con-inner\">\n\t\t\t\t\t<\/div>\n\t\t\t\t<\/div>\n\t\t\t\t<\/div>\n\t\t","protected":false},"excerpt":{"rendered":"<p>Specialista na potrub\u00ed a hadice PFA PFA Tube Shop je d\u016fkladn\u00fdm roz\u0161\u00ed\u0159en\u00edmPTFE Tube Shop, a tvo\u0159\u00ed specializovanou pobo\u010dku na\u0161\u00ed spole\u010dnosti, kter\u00e1 se zam\u011b\u0159uje v\u00fdhradn\u011b na dod\u00e1vky vysoce kvalitn\u00edch PFA trubek a hadic. Na\u0161\u00edm c\u00edlem jako specializovan\u00e9ho segmentu na\u0161\u00ed organizace je plnit pot\u0159eby na\u0161ich z\u00e1kazn\u00edk\u016f v oblasti materi\u00e1l\u016f PFA s nejvy\u0161\u0161\u00ed p\u0159esnost\u00ed a rychlost\u00ed. Hadice PFA [&hellip;]<\/p>\n","protected":false},"author":2,"featured_media":0,"parent":0,"menu_order":0,"comment_status":"closed","ping_status":"closed","template":"","meta":{"footnotes":""},"class_list":["post-45445","page","type-page","status-publish","hentry"],"_links":{"self":[{"href":"https:\/\/pfatubeshop.com\/cs\/wp-json\/wp\/v2\/pages\/45445","targetHints":{"allow":["GET"]}}],"collection":[{"href":"https:\/\/pfatubeshop.com\/cs\/wp-json\/wp\/v2\/pages"}],"about":[{"href":"https:\/\/pfatubeshop.com\/cs\/wp-json\/wp\/v2\/types\/page"}],"author":[{"embeddable":true,"href":"https:\/\/pfatubeshop.com\/cs\/wp-json\/wp\/v2\/users\/2"}],"replies":[{"embeddable":true,"href":"https:\/\/pfatubeshop.com\/cs\/wp-json\/wp\/v2\/comments?post=45445"}],"version-history":[{"count":0,"href":"https:\/\/pfatubeshop.com\/cs\/wp-json\/wp\/v2\/pages\/45445\/revisions"}],"wp:attachment":[{"href":"https:\/\/pfatubeshop.com\/cs\/wp-json\/wp\/v2\/media?parent=45445"}],"curies":[{"name":"wp","href":"https:\/\/api.w.org\/{rel}","templated":true}]}}